{"id":13,"date":"2017-03-21T21:26:31","date_gmt":"2017-03-21T21:26:31","guid":{"rendered":"http:\/\/trendspridaren.com\/?page_id=13"},"modified":"2024-09-17T11:21:10","modified_gmt":"2024-09-17T11:21:10","slug":"contactar","status":"publish","type":"page","link":"https:\/\/trendspridaren.com\/es\/contactar\/","title":{"rendered":"Contactar"},"content":{"rendered":"<div class=\"wpb-content-wrapper\">[vc_row fullwidth=\u00bbtrue\u00bb css=\u00bb.vc_custom_1496826828373{padding-top: 60px !important;}\u00bb][vc_column width=\u00bb5\/6&#8243; offset=\u00bbvc_col-lg-offset-1 vc_col-lg-5 vc_col-md-offset-1 vc_col-md-5 vc_col-sm-offset-1 vc_col-xs-offset-1 vc_col-xs-10&#8243;][vc_column_text]\n<h3 style=\"font-size: 36px; color: #b38451; font-weight: 600;\">M\u00e1ndanos un mensaje<\/h3>\n<p style=\"font-size: 22px;\">D\u00e9janos tus datos y tu consulta en el siguiente formulario, nos pondremos en contacto contigo con la mayor brevedad:<\/p>\n[\/vc_column_text]\n<div class=\"wpcf7 no-js\" id=\"wpcf7-f20-o1\" lang=\"es-ES\" dir=\"ltr\" data-wpcf7-id=\"20\">\n<div class=\"screen-reader-response\"><p role=\"status\" aria-live=\"polite\" aria-atomic=\"true\"><\/p> <ul><\/ul><\/div>\n<form action=\"\/es\/wp-json\/wp\/v2\/pages\/13#wpcf7-f20-o1\" method=\"post\" class=\"wpcf7-form init\" aria-label=\"Formulario de contacto\" novalidate=\"novalidate\" data-status=\"init\">\n<div style=\"display: none;\">\n<input type=\"hidden\" name=\"_wpcf7\" value=\"20\" \/>\n<input type=\"hidden\" name=\"_wpcf7_version\" value=\"6.0.5\" \/>\n<input type=\"hidden\" name=\"_wpcf7_locale\" value=\"es_ES\" \/>\n<input type=\"hidden\" name=\"_wpcf7_unit_tag\" value=\"wpcf7-f20-o1\" \/>\n<input type=\"hidden\" name=\"_wpcf7_container_post\" value=\"0\" \/>\n<input type=\"hidden\" name=\"_wpcf7_posted_data_hash\" value=\"\" \/>\n<input type=\"hidden\" name=\"_wpcf7_recaptcha_response\" value=\"\" \/>\n<\/div>\n<p><label> Persona de contacto*:<br \/>\n<span class=\"wpcf7-form-control-wrap\" data-name=\"nombre\"><input size=\"40\" maxlength=\"400\" class=\"wpcf7-form-control wpcf7-text wpcf7-validates-as-required\" aria-required=\"true\" aria-invalid=\"false\" value=\"\" type=\"text\" name=\"nombre\" \/><\/span> <\/label>\n<\/p>\n<p><label> Empresa\/Marca:<br \/>\n<span class=\"wpcf7-form-control-wrap\" data-name=\"empresa\"><input size=\"40\" maxlength=\"400\" class=\"wpcf7-form-control wpcf7-text\" aria-invalid=\"false\" value=\"\" type=\"text\" name=\"empresa\" \/><\/span> <\/label>\n<\/p>\n<p><label> Correo electr\u00f3nico*:<br \/>\n<span class=\"wpcf7-form-control-wrap\" data-name=\"correo\"><input size=\"40\" maxlength=\"400\" class=\"wpcf7-form-control wpcf7-email wpcf7-validates-as-required wpcf7-text wpcf7-validates-as-email\" aria-required=\"true\" aria-invalid=\"false\" value=\"\" type=\"email\" name=\"correo\" \/><\/span> <\/label>\n<\/p>\n<p><label> Tel\u00e9fonos de contacto*:<br \/>\n<span class=\"wpcf7-form-control-wrap\" data-name=\"telefonos\"><input size=\"40\" maxlength=\"400\" class=\"wpcf7-form-control wpcf7-text wpcf7-validates-as-required\" aria-required=\"true\" aria-invalid=\"false\" value=\"\" type=\"text\" name=\"telefonos\" \/><\/span><\/label>\n<\/p>\n<p><label> Pa\u00eds*:<br \/>\n<span class=\"wpcf7-form-control-wrap\" data-name=\"pais\"><input size=\"40\" maxlength=\"400\" class=\"wpcf7-form-control wpcf7-text wpcf7-validates-as-required\" aria-required=\"true\" aria-invalid=\"false\" value=\"\" type=\"text\" name=\"pais\" \/><\/span> <\/label>\n<\/p>\n<p><label> D\u00e9janos tu comentario:<br \/>\n<span class=\"wpcf7-form-control-wrap\" data-name=\"Mensaje\"><textarea cols=\"40\" rows=\"10\" maxlength=\"2000\" class=\"wpcf7-form-control wpcf7-textarea\" aria-invalid=\"false\" placeholder=\"No sea t\u00edmido, escribanos aqu\u00ed su cuesti\u00f3n...\" name=\"Mensaje\"><\/textarea><\/span><\/label><br \/>\n<label><span class=\"wpcf7-form-control-wrap\" data-name=\"acceptance-646\"><span class=\"wpcf7-form-control wpcf7-acceptance\"><span class=\"wpcf7-list-item\"><input type=\"checkbox\" name=\"acceptance-646\" value=\"1\" id=\"aceptaCondiciones\" aria-invalid=\"false\" \/><\/span><\/span><\/span>Acepto las <a href=\"\/lopd-y-politica-de-cookies\" >condiciones legales<\/a> y el tratamiento de datos de la web<\/label>\n<\/p>\n\n<p><input class=\"wpcf7-form-control wpcf7-submit has-spinner\" type=\"submit\" value=\"Enviar\" \/>\n<\/p><p style=\"display: none !important;\" class=\"akismet-fields-container\" data-prefix=\"_wpcf7_ak_\"><label>&#916;<textarea name=\"_wpcf7_ak_hp_textarea\" cols=\"45\" rows=\"8\" maxlength=\"100\"><\/textarea><\/label><input type=\"hidden\" id=\"ak_js_1\" name=\"_wpcf7_ak_js\" value=\"19\"\/><script>document.getElementById( \"ak_js_1\" ).setAttribute( \"value\", ( new Date() ).getTime() );<\/script><\/p><div class=\"wpcf7-response-output\" aria-hidden=\"true\"><\/div>\n<\/form>\n<\/div>\n[\/vc_column][vc_column width=\u00bb5\/6&#8243; offset=\u00bbvc_col-lg-offset-1 vc_col-lg-4 vc_col-md-offset-1 vc_col-md-5 vc_col-sm-offset-1 vc_col-xs-offset-1 vc_col-xs-10&#8243;][vc_column_text]\n<h3 style=\"font-size: 36px; color: #b38451; font-weight: 600;\">\u00bfQuieres reunirte con nosotros?<\/h3>\n<p style=\"font-size: 26px; line-heigth: 20px;\"><strong>Solic\u00edtanos cita previa,<\/strong>\u00a0y estaremos encantados de atenderte:<\/p>\n[\/vc_column_text][vc_row_inner][vc_column_inner][vc_column_text css=\u00bb.vc_custom_1726572056600{margin-bottom: 0px !important;}\u00bb]\n<p style=\"font-size: 26px; color: #b38451;\">+ Delegaci\u00f3n en Espa\u00f1a:<\/p>\n<p style=\"font-size: 22px; line-height: 20px;\"><strong>David Mart\u00ednez Sal\u00f3n<\/strong><\/p>\n<p style=\"font-size: 18px;\"><em>GERENTE VENTAS ESPA\u00d1A<\/em><\/p>\n<p style=\"font-size: 18px;\">Tel\u00e9fono: <strong>+46 73 646 25 20<\/strong><\/p>\n<p style=\"font-size: 18px; line-height: 20px;\">Horario: de Lunes a Viernes, de 9.00-17.00<\/p>\n<p style=\"font-size: 18px; line-height: 20px;\">Correo: ventas@trendspridaren.com<\/p>\n<p style=\"font-size: 18px; line-height: 20px;\">Juan Castell\u00f3, 16 bajo &#8211; 46009 (Valencia)<a href=\"https:\/\/www.google.com\/maps?ll=39.490743,-0.376704&amp;z=19&amp;t=m&amp;hl=es-ES&amp;gl=ES&amp;mapclient=embed&amp;q=Carrer+de+Juan+Castell%C3%B3,+16+46009+Val%C3%A8ncia+Valencia\"><br \/>\nVer plano<\/a><\/p>\n[\/vc_column_text][vc_empty_space height=\u00bb30px\u00bb][vc_column_text]\n<p style=\"font-size: 26px; line-heigth: 20px; color: #b38451;\">+ Delegaci\u00f3n en Suecia<\/p>\n<p style=\"font-size: 22px; line-height: 20px;\"><strong>Pablo Barrag\u00e1n Azopardo<\/strong><\/p>\n<p style=\"font-size: 18px; line-height: 20px;\"><em>CEO<\/em><\/p>\n<p style=\"font-size: 18px;\">Tel\u00e9fono: <strong>+46 73 646 25 20<\/strong><\/p>\n<p style=\"font-size: 18px; line-height: 20px;\">Horario: de Lunes a Viernes, de 17:00-20.00<\/p>\n<p style=\"font-size: 18px; line-height: 20px;\">Correo: kund@trendspridaren.com<\/p>\n<p style=\"font-size: 18px; line-height: 20px;\">Polhemsv\u00e4gen 30, 191 34 &#8211; Sollentuna <a href=\"https:\/\/www.google.com\/maps?ll=59.42323,17.943074&amp;z=13&amp;t=m&amp;hl=es-ES&amp;gl=ES&amp;mapclient=embed&amp;q=Polhemsv%C3%A4gen+30+191+34+Sollentuna+Suecia\"><br \/>\nVer plano<\/a>[\/vc_column_text][\/vc_column_inner][\/vc_row_inner][\/vc_column][\/vc_row][vc_row][vc_column][vc_column_text][\/vc_column_text][\/vc_column][\/vc_row]\n<\/div>","protected":false},"excerpt":{"rendered":"<p>[vc_row fullwidth=\u00bbtrue\u00bb css=\u00bb.vc_custom_1496826828373{padding-top: 60px !important;}\u00bb][vc_column width=\u00bb5\/6&#8243; offset=\u00bbvc_col-lg-offset-1 vc_col-lg-5 vc_col-md-offset-1 vc_col-md-5 vc_col-sm-offset-1 vc_col-xs-offset-1 vc_col-xs-10&#8243;][vc_column_text] M\u00e1ndanos un mensaje D\u00e9janos tus datos y tu consulta en el siguiente formulario, nos pondremos en contacto contigo con la mayor brevedad: [\/vc_column_text][\/vc_column][vc_column width=\u00bb5\/6&#8243; offset=\u00bbvc_col-lg-offset-1 vc_col-lg-4 vc_col-md-offset-1 vc_col-md-5 vc_col-sm-offset-1 vc_col-xs-offset-1 vc_col-xs-10&#8243;][vc_column_text] \u00bfQuieres reunirte con nosotros? Solic\u00edtanos cita previa,\u00a0y estaremos encantados de atenderte: [&hellip;]<\/p>\n","protected":false},"author":1,"featured_media":0,"parent":0,"menu_order":0,"comment_status":"closed","ping_status":"closed","template":"","meta":{"footnotes":""},"class_list":["post-13","page","type-page","status-publish","hentry"],"_links":{"self":[{"href":"https:\/\/trendspridaren.com\/es\/wp-json\/wp\/v2\/pages\/13"}],"collection":[{"href":"https:\/\/trendspridaren.com\/es\/wp-json\/wp\/v2\/pages"}],"about":[{"href":"https:\/\/trendspridaren.com\/es\/wp-json\/wp\/v2\/types\/page"}],"author":[{"embeddable":true,"href":"https:\/\/trendspridaren.com\/es\/wp-json\/wp\/v2\/users\/1"}],"replies":[{"embeddable":true,"href":"https:\/\/trendspridaren.com\/es\/wp-json\/wp\/v2\/comments?post=13"}],"version-history":[{"count":39,"href":"https:\/\/trendspridaren.com\/es\/wp-json\/wp\/v2\/pages\/13\/revisions"}],"predecessor-version":[{"id":4351,"href":"https:\/\/trendspridaren.com\/es\/wp-json\/wp\/v2\/pages\/13\/revisions\/4351"}],"wp:attachment":[{"href":"https:\/\/trendspridaren.com\/es\/wp-json\/wp\/v2\/media?parent=13"}],"curies":[{"name":"wp","href":"https:\/\/api.w.org\/{rel}","templated":true}]}}