{"id":15,"date":"2017-03-21T21:28:34","date_gmt":"2017-03-21T21:28:34","guid":{"rendered":"http:\/\/trendspridaren.com\/?page_id=15"},"modified":"2025-01-20T15:41:18","modified_gmt":"2025-01-20T15:41:18","slug":"trendspridaren","status":"publish","type":"page","link":"https:\/\/trendspridaren.com\/es\/","title":{"rendered":"Portada"},"content":{"rendered":"<div class=\"wpb-content-wrapper\">[vc_row fullwidth=\u00bbtrue\u00bb equal_columns=\u00bbtrue\u00bb attached=\u00bbtrue\u00bb css=\u00bb.vc_custom_1492552294826{padding-top: 50px !important;padding-bottom: 20px !important;background-image: url(http:\/\/trendspridaren.com\/wp-content\/uploads\/2017\/03\/subtle_white_feathers.png?id=133) !important;background-position: 0 0 !important;background-repeat: repeat !important;}\u00bb][vc_column width=\u00bb5\/6&#8243; offset=\u00bbvc_col-lg-offset-2 vc_col-lg-8 vc_col-md-offset-1 vc_col-md-10 vc_col-sm-offset-1 vc_col-xs-offset-1 vc_col-xs-10&#8243;][vc_column_text align=\u00bbcenter\u00bb]\n<h1 style=\"font-size: 22px;\">Agencia de distribuci\u00f3n de moda y complementos en Estocolmo &amp; Espa\u00f1a<\/h1>\n<h2 style=\"font-size: 22px; text-transform: uppercase;\">Trendspridaren, revolucionamos tendencias<\/h2>\n[\/vc_column_text][vc_column_text align=\u00bbcenter\u00bb]Coordinamos las <strong>ventas y negocios<\/strong> de las marcas que comercializamos. Tiendas, distribuidores, marcas o agentes, todos pueden formar parte de nuestro grupo profesional. <strong>Europa es nuestro principal mercado,<\/strong> pero estamos abiertos a trabajar por todo el mundo.[\/vc_column_text][\/vc_column][\/vc_row][vc_row fullwidth=\u00bbtrue\u00bb css=\u00bb.vc_custom_1495657121388{padding-top: 20px !important;padding-bottom: 50px !important;background-image: url(http:\/\/trendspridaren.com\/wp-content\/uploads\/2017\/03\/subtle_white_feathers.png?id=133) !important;background-position: 0 0 !important;background-repeat: repeat !important;}\u00bb][vc_column width=\u00bb5\/6&#8243; offset=\u00bbvc_col-lg-offset-0 vc_col-lg-4 vc_col-md-offset-1 vc_col-md-10 vc_col-sm-offset-1 vc_col-xs-offset-1 vc_col-xs-10&#8243; css=\u00bb.vc_custom_1495656528015{padding-right: 30px !important;padding-bottom: 30px !important;padding-left: 45px !important;}\u00bb][vc_icon type=\u00bbtypicons\u00bb icon_typicons=\u00bbtypcn typcn-scissors\u00bb color=\u00bbcustom\u00bb size=\u00bbxl\u00bb align=\u00bbcenter\u00bb css_animation=\u00bbflipInX\u00bb custom_color=\u00bb#b07e49&#8243;][vc_column_text align=\u00bbcenter\u00bb]\n<h3><strong>Representaci\u00f3n de Moda<\/strong><\/h3>\n[\/vc_column_text][vc_column_text align=\u00bbcenter\u00bb]Te ayudamos a crecer como marca, creando y coordinando los equipos de venta. Gestionamos proyectos de expansi\u00f3n a trav\u00e9s de nuestra <strong>red de contactos<\/strong> internacional y tambi\u00e9n mediante <strong>e-comerce<\/strong>.[\/vc_column_text][mk_button dimension=\u00bbflat\u00bb size=\u00bbmedium\u00bb url=\u00bb\/quienes-somos\/\u00bb align=\u00bbcenter\u00bb animation=\u00bbfade-in\u00bb]SABER M\u00c1S[\/mk_button][\/vc_column][vc_column width=\u00bb5\/6&#8243; offset=\u00bbvc_col-lg-offset-0 vc_col-lg-4 vc_col-sm-offset-1 vc_col-xs-offset-1 vc_col-xs-10&#8243; css=\u00bb.vc_custom_1495656537301{padding-right: 40px !important;padding-bottom: 30px !important;padding-left: 40px !important;}\u00bb][vc_icon type=\u00bbtypicons\u00bb icon_typicons=\u00bbtypcn typcn-heart-full-outline\u00bb color=\u00bbcustom\u00bb size=\u00bbxl\u00bb align=\u00bbcenter\u00bb css_animation=\u00bbflipInX\u00bb custom_color=\u00bb#b07e49&#8243;][vc_column_text align=\u00bbcenter\u00bb]\n<h3><strong>Distribuci\u00f3n de Moda<\/strong><\/h3>\n[\/vc_column_text][vc_column_text align=\u00bbcenter\u00bb]Entra a formar parte de nuestro grupo de profesionales del sector textil. Tiendas, distribuidores, marcas, agentes o dise\u00f1adores. Encontraremos nuevas <strong> v\u00edas de negocio <\/strong> para tu marca. Aprov\u00e9cha las ventajas que te ofrecemos.[\/vc_column_text][mk_button dimension=\u00bbflat\u00bb size=\u00bbmedium\u00bb url=\u00bb\/unete-a-nosotros\/\u00bb align=\u00bbcenter\u00bb animation=\u00bbfade-in\u00bb]\u00a1UNIRME YA![\/mk_button][\/vc_column][vc_column width=\u00bb5\/6&#8243; offset=\u00bbvc_col-lg-offset-0 vc_col-lg-4 vc_col-md-offset-1 vc_col-md-10 vc_col-sm-offset-1 vc_col-xs-offset-1 vc_col-xs-10&#8243; css=\u00bb.vc_custom_1495657042026{padding-right: 45px !important;padding-left: 30px !important;}\u00bb][vc_icon type=\u00bbtypicons\u00bb icon_typicons=\u00bbtypcn typcn-link-outline\u00bb color=\u00bbcustom\u00bb size=\u00bbxl\u00bb align=\u00bbcenter\u00bb css_animation=\u00bbflipInX\u00bb custom_color=\u00bb#b07e49&#8243;][vc_column_text align=\u00bbcenter\u00bb]\n<h3><strong>Contacto<\/strong><\/h3>\n[\/vc_column_text][vc_column_text align=\u00bbcenter\u00bb]Contacta con nosotros y resolveremos todas tus dudas. Queremos conocerte y que nos cuentes tus proyectos. Te ofrecemos las mejores soluciones para cumplir tus objetivos.[\/vc_column_text][mk_button dimension=\u00bbflat\u00bb size=\u00bbmedium\u00bb url=\u00bb\/contactar\u00bb align=\u00bbcenter\u00bb animation=\u00bbfade-in\u00bb]CONTACTAR[\/mk_button][\/vc_column][\/vc_row][vc_row fullwidth=\u00bbtrue\u00bb parallax=\u00bbcontent-moving\u00bb parallax_image=\u00bb180&#8243; parallax_speed_bg=\u00bb1.8&#8243; css=\u00bb.vc_custom_1495656021483{padding-top: 100px !important;padding-bottom: 70px !important;}\u00bb][vc_column width=\u00bb5\/6&#8243; offset=\u00bbvc_col-lg-offset-1 vc_col-lg-7 vc_col-md-offset-1 vc_col-md-10 vc_col-sm-offset-1 vc_col-xs-offset-1 vc_col-xs-10&#8243;][vc_column_text animation=\u00bbleft-to-right\u00bb]\n<h3 style=\"font-size: 32px;\"><span style=\"color: #ffffff;\"><strong style=\"color: #ffffff;\">\u00bfQuieres expandirte y vender en Europa?<\/strong><\/span><\/h3>\n<p><span style=\"color: #ffffff;\"> Nuestro equipo de profesionales estudia tus posibilidades y desarroya el mejor plan de negocio para empezar con buen pie. Con servicio personalizado, trabajaremos juntos para lograr objetivos. Mediante presentaciones, ferias, Redes sociales, Facebook Ads, Google Ads, mailing, etc.<\/span>[\/vc_column_text][\/vc_column][vc_column width=\u00bb5\/6&#8243; offset=\u00bbvc_col-lg-offset-1 vc_col-lg-3 vc_col-md-offset-1 vc_col-md-10 vc_col-sm-offset-1 vc_col-xs-offset-1 vc_col-xs-10&#8243; css=\u00bb.vc_custom_1495657184998{padding-top: 15px !important;}\u00bb][mk_button dimension=\u00bbflat\u00bb size=\u00bblarge\u00bb url=\u00bb\/unete-a-nosotros\u00bb animation=\u00bbflip-x\u00bb]CONF\u00cdA EN NOSOTROS[\/mk_button][\/vc_column][\/vc_row][vc_row fullwidth=\u00bbtrue\u00bb equal_columns=\u00bbtrue\u00bb attached=\u00bbtrue\u00bb css=\u00bb.vc_custom_1495657014528{padding-top: 50px !important;padding-bottom: 20px !important;background-image: url(http:\/\/trendspridaren.com\/wp-content\/uploads\/2017\/03\/perchasfondo.jpg?id=185) !important;background-position: center !important;background-repeat: no-repeat !important;background-size: cover !important;}\u00bb][vc_column width=\u00bb3\/4&#8243; offset=\u00bbvc_col-lg-offset-5 vc_col-lg-6 vc_col-md-offset-3 vc_col-md-8 vc_col-sm-offset-2 vc_col-xs-offset-1 vc_col-xs-10&#8243; css=\u00bb.vc_custom_1495656910993{padding-top: 100px !important;padding-bottom: 100px !important;}\u00bb][vc_column_text animation=\u00bbbottom-to-top\u00bb]\n<h2 style=\"font-size: 34px; font-weight: bold; color: #b17f4a;\">\u00bfPor qu\u00e9 con Trendspridaren?<\/h2>\n[\/vc_column_text][vc_column_text]\n<p style=\"font-size: 24px;\">En Trendspridaren no solo una agencia de <strong>importaci\u00f3n y exportaci\u00f3n <\/strong>sino que tambi\u00e9n podemos gestionar la expansi\u00f3n de fabricantes nacionales en el<strong> mercado Espa\u00f1ol.<\/strong><\/p>\n<p>Conocemos muy bien el mercado de la pen\u00ednsula y <strong>ofrecemos un asesoramiento competente con 12 a\u00f1os de experiencia<\/strong> en el sector.<\/p>\n<p>Junto a nuestra cartera de contactos, otros dos de los pilares m\u00e1s importantes de nuestra empresa son <strong>las plataformas de internet y las redes sociales<\/strong>. Trendspridaren cuenta con un equipo de especialistas dedicados a optimizar al m\u00e1ximo la informaci\u00f3n que difundimos, por lo que nuestros clientes obtienen un<strong> plus de difusi\u00f3n.<\/strong>[\/vc_column_text][mk_button dimension=\u00bbflat\u00bb size=\u00bblarge\u00bb url=\u00bb\/unete-a-nosotros\u00bb margin_top=\u00bb30&#8243; animation=\u00bbflip-x\u00bb]TRABAJA CON NOSOTROS[\/mk_button][\/vc_column][\/vc_row][vc_row fullwidth=\u00bbtrue\u00bb][vc_column width=\u00bb5\/6&#8243; css=\u00bb.vc_custom_1497384730173{padding-top: 50px !important;}\u00bb offset=\u00bbvc_col-lg-offset-1&#8243;][vc_column_text align=\u00bbcenter\u00bb animation=\u00bbbottom-to-top\u00bb]\n<h3 style=\"font-size: 35px; color: #404040; font-weight: 600;\">Nuestras Marcas<\/h3>\n[\/vc_column_text][vc_separator color=\u00bbcustom\u00bb style=\u00bbdotted\u00bb border_width=\u00bb2&#8243; el_width=\u00bb20&#8243; accent_color=\u00bb#b17f4a\u00bb][vc_basic_grid post_type=\u00bbpost\u00bb max_items=\u00bb-1&#8243; element_width=\u00bb3&#8243; gap=\u00bb35&#8243; item=\u00bb1328&#8243; css=\u00bb\u00bb grid_id=\u00bbvc_gid:1737387631342-5dc7b715-a778-4&#8243; taxonomies=\u00bb4&#8243; exclude=\u00bb3986, 2188, 2187, 1553&#8243;][\/vc_column][\/vc_row][vc_row fullwidth=\u00bbtrue\u00bb parallax=\u00bbcontent-moving\u00bb parallax_image=\u00bb340&#8243; parallax_speed_bg=\u00bb2&#8243; css=\u00bb.vc_custom_1495655954463{padding-top: 100px !important;padding-bottom: 70px !important;}\u00bb][vc_column width=\u00bb5\/6&#8243; offset=\u00bbvc_col-lg-offset-1 vc_col-lg-7 vc_col-md-offset-1 vc_col-md-10 vc_col-sm-offset-1 vc_col-xs-offset-1 vc_col-xs-10&#8243;][vc_column_text animation=\u00bbleft-to-right\u00bb]\n<h3 style=\"font-size: 32px;\"><span style=\"color: #ffffff;\"><strong style=\"color: #ffffff;\">En TrendSpridaren nos encantan las nuevas tendencias<\/strong><\/span><\/h3>\n<p><span style=\"color: #ffffff;\">Tambi\u00e9n las nuevas tecnolog\u00edas por eso contamos con un departamento de marketing online para ayudar a nuestros clientes a potenciar el impacto de su marca en la red.<\/span>[\/vc_column_text][\/vc_column][vc_column width=\u00bb1\/3&#8243; offset=\u00bbvc_col-lg-offset-1 vc_col-lg-3 vc_col-md-offset-1 vc_col-md-10 vc_col-sm-offset-1 vc_col-xs-offset-1 vc_col-xs-10&#8243; css=\u00bb.vc_custom_1495657305527{padding-top: 15px !important;}\u00bb][mk_button dimension=\u00bbflat\u00bb size=\u00bblarge\u00bb url=\u00bb\/quienes-somos\u00bb animation=\u00bbflip-x\u00bb]\u00bfQUE ES TRENDSPRIDAREN?[\/mk_button][\/vc_column][\/vc_row][vc_row fullwidth=\u00bbtrue\u00bb disable_element=\u00bbyes\u00bb css=\u00bb.vc_custom_1532017653353{border-top-width: 2px !important;border-top-color: #eaeaea !important;border-top-style: dotted !important;}\u00bb][vc_column width=\u00bb5\/6&#8243; css=\u00bb.vc_custom_1497384730173{padding-top: 50px !important;}\u00bb offset=\u00bbvc_col-lg-offset-1&#8243;][vc_column_text align=\u00bbcenter\u00bb animation=\u00bbbottom-to-top\u00bb]\n<h3 style=\"font-size: 35px; color: #404040; font-weight: 600;\">Nuestros dise\u00f1adores<\/h3>\n[\/vc_column_text][vc_separator color=\u00bbcustom\u00bb style=\u00bbdotted\u00bb border_width=\u00bb2&#8243; el_width=\u00bb20&#8243; accent_color=\u00bb#b17f4a\u00bb][vc_basic_grid post_type=\u00bbpost\u00bb max_items=\u00bb-1&#8243; style=\u00bbload-more\u00bb element_width=\u00bb3&#8243; gap=\u00bb35&#8243; item=\u00bb489&#8243; btn_title=\u00bbVER TODAS\u00bb btn_shape=\u00bbsquare\u00bb btn_color=\u00bbchino\u00bb btn_align=\u00bbcenter\u00bb grid_id=\u00bbvc_gid:1737387631344-f052acb5-e221-9&#8243; taxonomies=\u00bb14&#8243;][\/vc_column][\/vc_row][vc_row fullwidth=\u00bbtrue\u00bb css=\u00bb.vc_custom_1503334703491{padding-top: 100px !important;padding-bottom: 30px !important;background-color: #eaeaea !important;}\u00bb][vc_column width=\u00bb1\/2&#8243; offset=\u00bbvc_col-lg-offset-1 vc_col-lg-5 vc_col-md-offset-1 vc_col-md-10 vc_col-sm-offset-1 vc_col-xs-offset-1 vc_col-xs-10&#8243;][vc_column_text]\n<h3 style=\"font-size: 36px; color: #b38451; font-weight: 600;\">M\u00e1ndanos un mensaje<\/h3>\n<p style=\"font-size: 22px;\">D\u00e9janos sus datos y tu consulta en el siguiente formulario, nos pondremos en contacto contigo con la mayor brevedad:<\/p>\n[\/vc_column_text]\n<div class=\"wpcf7 no-js\" id=\"wpcf7-f20-o1\" lang=\"es-ES\" dir=\"ltr\" data-wpcf7-id=\"20\">\n<div class=\"screen-reader-response\"><p role=\"status\" aria-live=\"polite\" aria-atomic=\"true\"><\/p> <ul><\/ul><\/div>\n<form action=\"\/es\/wp-json\/wp\/v2\/pages\/15#wpcf7-f20-o1\" method=\"post\" class=\"wpcf7-form init\" aria-label=\"Formulario de contacto\" novalidate=\"novalidate\" data-status=\"init\">\n<div style=\"display: none;\">\n<input type=\"hidden\" name=\"_wpcf7\" value=\"20\" \/>\n<input type=\"hidden\" name=\"_wpcf7_version\" value=\"6.0.5\" \/>\n<input type=\"hidden\" name=\"_wpcf7_locale\" value=\"es_ES\" \/>\n<input type=\"hidden\" name=\"_wpcf7_unit_tag\" value=\"wpcf7-f20-o1\" \/>\n<input type=\"hidden\" name=\"_wpcf7_container_post\" value=\"0\" \/>\n<input type=\"hidden\" name=\"_wpcf7_posted_data_hash\" value=\"\" \/>\n<input type=\"hidden\" name=\"_wpcf7_recaptcha_response\" value=\"\" \/>\n<\/div>\n<p><label> Persona de contacto*:<br \/>\n<span class=\"wpcf7-form-control-wrap\" data-name=\"nombre\"><input size=\"40\" maxlength=\"400\" class=\"wpcf7-form-control wpcf7-text wpcf7-validates-as-required\" aria-required=\"true\" aria-invalid=\"false\" value=\"\" type=\"text\" name=\"nombre\" \/><\/span> <\/label>\n<\/p>\n<p><label> Empresa\/Marca:<br \/>\n<span class=\"wpcf7-form-control-wrap\" data-name=\"empresa\"><input size=\"40\" maxlength=\"400\" class=\"wpcf7-form-control wpcf7-text\" aria-invalid=\"false\" value=\"\" type=\"text\" name=\"empresa\" \/><\/span> <\/label>\n<\/p>\n<p><label> Correo electr\u00f3nico*:<br \/>\n<span class=\"wpcf7-form-control-wrap\" data-name=\"correo\"><input size=\"40\" maxlength=\"400\" class=\"wpcf7-form-control wpcf7-email wpcf7-validates-as-required wpcf7-text wpcf7-validates-as-email\" aria-required=\"true\" aria-invalid=\"false\" value=\"\" type=\"email\" name=\"correo\" \/><\/span> <\/label>\n<\/p>\n<p><label> Tel\u00e9fonos de contacto*:<br \/>\n<span class=\"wpcf7-form-control-wrap\" data-name=\"telefonos\"><input size=\"40\" maxlength=\"400\" class=\"wpcf7-form-control wpcf7-text wpcf7-validates-as-required\" aria-required=\"true\" aria-invalid=\"false\" value=\"\" type=\"text\" name=\"telefonos\" \/><\/span><\/label>\n<\/p>\n<p><label> Pa\u00eds*:<br \/>\n<span class=\"wpcf7-form-control-wrap\" data-name=\"pais\"><input size=\"40\" maxlength=\"400\" class=\"wpcf7-form-control wpcf7-text wpcf7-validates-as-required\" aria-required=\"true\" aria-invalid=\"false\" value=\"\" type=\"text\" name=\"pais\" \/><\/span> <\/label>\n<\/p>\n<p><label> D\u00e9janos tu comentario:<br \/>\n<span class=\"wpcf7-form-control-wrap\" data-name=\"Mensaje\"><textarea cols=\"40\" rows=\"10\" maxlength=\"2000\" class=\"wpcf7-form-control wpcf7-textarea\" aria-invalid=\"false\" placeholder=\"No sea t\u00edmido, escribanos aqu\u00ed su cuesti\u00f3n...\" name=\"Mensaje\"><\/textarea><\/span><\/label><br \/>\n<label><span class=\"wpcf7-form-control-wrap\" data-name=\"acceptance-646\"><span class=\"wpcf7-form-control wpcf7-acceptance\"><span class=\"wpcf7-list-item\"><input type=\"checkbox\" name=\"acceptance-646\" value=\"1\" id=\"aceptaCondiciones\" aria-invalid=\"false\" \/><\/span><\/span><\/span>Acepto las <a href=\"\/lopd-y-politica-de-cookies\" >condiciones legales<\/a> y el tratamiento de datos de la web<\/label>\n<\/p>\n\n<p><input class=\"wpcf7-form-control wpcf7-submit has-spinner\" type=\"submit\" value=\"Enviar\" \/>\n<\/p><p style=\"display: none !important;\" class=\"akismet-fields-container\" data-prefix=\"_wpcf7_ak_\"><label>&#916;<textarea name=\"_wpcf7_ak_hp_textarea\" cols=\"45\" rows=\"8\" maxlength=\"100\"><\/textarea><\/label><input type=\"hidden\" id=\"ak_js_1\" name=\"_wpcf7_ak_js\" value=\"209\"\/><script>document.getElementById( \"ak_js_1\" ).setAttribute( \"value\", ( new Date() ).getTime() );<\/script><\/p><div class=\"wpcf7-response-output\" aria-hidden=\"true\"><\/div>\n<\/form>\n<\/div>\n[\/vc_column][vc_column width=\u00bb5\/12&#8243; offset=\u00bbvc_col-lg-offset-1 vc_col-lg-4&#8243;][vc_column_text animation=\u00bbleft-to-right\u00bb]\n<p style=\"font-size: 36px; color: #b38451; font-weight: 600;\">Nuestro equipo:<\/p>\n[\/vc_column_text][mk_employees style=\u00bbboxed\u00bb column=\u00bb2&#8243; count=\u00bb-1&#8243; description=\u00bbfalse\u00bb animation=\u00bbfade-in\u00bb][\/vc_column][\/vc_row]\n<\/div>","protected":false},"excerpt":{"rendered":"<p>[vc_row fullwidth=\u00bbtrue\u00bb equal_columns=\u00bbtrue\u00bb attached=\u00bbtrue\u00bb css=\u00bb.vc_custom_1492552294826{padding-top: 50px !important;padding-bottom: 20px !important;background-image: url(http:\/\/trendspridaren.com\/wp-content\/uploads\/2017\/03\/subtle_white_feathers.png?id=133) !important;background-position: 0 0 !important;background-repeat: repeat !important;}\u00bb][vc_column width=\u00bb5\/6&#8243; offset=\u00bbvc_col-lg-offset-2 vc_col-lg-8 vc_col-md-offset-1 vc_col-md-10 vc_col-sm-offset-1 vc_col-xs-offset-1 vc_col-xs-10&#8243;][vc_column_text align=\u00bbcenter\u00bb] Agencia de distribuci\u00f3n de moda y complementos en Estocolmo &amp; Espa\u00f1a Trendspridaren, revolucionamos tendencias [\/vc_column_text][vc_column_text align=\u00bbcenter\u00bb]Coordinamos las ventas y negocios de las marcas que comercializamos. Tiendas, distribuidores, marcas o agentes, [&hellip;]<\/p>\n","protected":false},"author":1,"featured_media":0,"parent":0,"menu_order":0,"comment_status":"closed","ping_status":"closed","template":"","meta":{"footnotes":""},"class_list":["post-15","page","type-page","status-publish","hentry"],"_links":{"self":[{"href":"https:\/\/trendspridaren.com\/es\/wp-json\/wp\/v2\/pages\/15"}],"collection":[{"href":"https:\/\/trendspridaren.com\/es\/wp-json\/wp\/v2\/pages"}],"about":[{"href":"https:\/\/trendspridaren.com\/es\/wp-json\/wp\/v2\/types\/page"}],"author":[{"embeddable":true,"href":"https:\/\/trendspridaren.com\/es\/wp-json\/wp\/v2\/users\/1"}],"replies":[{"embeddable":true,"href":"https:\/\/trendspridaren.com\/es\/wp-json\/wp\/v2\/comments?post=15"}],"version-history":[{"count":182,"href":"https:\/\/trendspridaren.com\/es\/wp-json\/wp\/v2\/pages\/15\/revisions"}],"predecessor-version":[{"id":4577,"href":"https:\/\/trendspridaren.com\/es\/wp-json\/wp\/v2\/pages\/15\/revisions\/4577"}],"wp:attachment":[{"href":"https:\/\/trendspridaren.com\/es\/wp-json\/wp\/v2\/media?parent=15"}],"curies":[{"name":"wp","href":"https:\/\/api.w.org\/{rel}","templated":true}]}}