{"id":231,"date":"2017-04-26T16:38:33","date_gmt":"2017-04-26T16:38:33","guid":{"rendered":"http:\/\/trendspridaren.com\/?page_id=231"},"modified":"2025-01-06T13:20:14","modified_gmt":"2025-01-06T13:20:14","slug":"quienes-somos","status":"publish","type":"page","link":"https:\/\/trendspridaren.com\/es\/quienes-somos\/","title":{"rendered":"Quienes somos"},"content":{"rendered":"<div class=\"wpb-content-wrapper\">[vc_row fullwidth=\u00bbtrue\u00bb css=\u00bb.vc_custom_1495570855651{padding-bottom: 80px !important;background-image: url(http:\/\/trendspridaren.com\/wp-content\/uploads\/2017\/04\/fondoquienessomos3.jpg?id=316) !important;background-position: center !important;background-repeat: no-repeat !important;background-size: cover !important;}\u00bb][vc_column width=\u00bb5\/12&#8243; css=\u00bb.vc_custom_1495571269075{padding-top: 80px !important;}\u00bb][vc_column_text align=\u00bbcenter\u00bb]\n<h1><span style=\"color: #ffffff; font-size: 48px;\">Qui\u00e9nes somos\u00a0<\/span><\/h1>\n[\/vc_column_text][\/vc_column][vc_column width=\u00bb1\/2&#8243; css=\u00bb.vc_custom_1495571263373{padding-top: 80px !important;padding-bottom: 80px !important;}\u00bb][vc_column_text css=\u00bb.vc_custom_1736169537880{margin-bottom: 0px !important;}\u00bb]\n<h2><span style=\"color: #ffffff; font-size: 32px;\">Trendspridaren es una agencia de desarrollo de negocio y representacion, especializada en moda y tendencias, con sede en Estocolmo y delegaci\u00f3n comercial en Valencia.<\/span><\/h2>\n<h3 style=\"color: #ffffff; font-size: 25px;\">Nuestro objetivo es construir una red de profesionales competitivos en la industria de la moda y compartir \u00e9xitos en un entorno ambicioso con una visi\u00f3n de un futuro sostenible.<\/h3>\n<p><span style=\"color: #ffffff;\">Desarrollo de Negocios: Trendspridaren Agency identifica y aprovecha oportunidades de crecimiento para nuestras marcas. Nuestro equipo de expertos trabaja estrechamente con nuestros clientes para comprender sus necesidades \u00fanicas y crear estrategias personalizadas que impulsen el crecimiento empresarial y aumenten la cuota de mercado.<\/span><\/p>\n<p><span style=\"color: #ffffff;\">Asesoramiento Internacional: Ofrecemos orientaci\u00f3n experta a marcas en el mercado de la moda n\u00f3rdico e internacional. Con nuestra profunda comprensi\u00f3n de estos mercados, ayudamos a nuestros clientes a navegar por paisajes empresariales complejos y maximizar sus oportunidades de negocio internacional.<\/span><\/p>\n<p><span style=\"color: #ffffff;\">Gesti\u00f3n de Proyectos y Clientes Clave: Mejoramos la competitividad y fomentamos relaciones s\u00f3lidas en el mercado europeo. Al gestionar proyectos y clientes clave con precisi\u00f3n y cuidado, aseguramos que nuestros clientes alcancen sus objetivos comerciales y construyan asociaciones a largo plazo.<\/span><\/p>\n<p><span style=\"color: #ffffff;\">Sostenibilidad y Digitalizaci\u00f3n: Implementamos pr\u00e1cticas comerciales sostenibles y promovemos la transformaci\u00f3n digital. Nuestro compromiso con la sostenibilidad y la innovaci\u00f3n ayuda a nuestros clientes a adaptarse a un mundo en r\u00e1pida evoluci\u00f3n y a mantenerse competitivos.<\/span><\/p>\n<p><span style=\"color: #ffffff;\">Competencias Clave:<br \/>\nFomentar la Innovaci\u00f3n: Impulsamos la innovaci\u00f3n buscando constantemente soluciones nuevas y creativas a los desaf\u00edos empresariales.<br \/>\nImpulsar Asociaciones Estrat\u00e9gicas: Construimos asociaciones s\u00f3lidas y a largo plazo que crean valor para todas las partes.<br \/>\nMejorar Procesos: Optimizamos los procesos empresariales para aumentar la eficiencia y reducir costos.<br \/>\nInfluir en la Cultura Organizacional: Ayudamos a las empresas a desarrollar una cultura organizacional positiva y productiva.<br \/>\nNavegar la Resistencia al Cambio: Apoyamos a las empresas en la gesti\u00f3n y superaci\u00f3n de la resistencia al cambio.<br \/>\nCoordinar Objetivos entre Equipos: Aseguramos que todos los equipos trabajen hacia objetivos comunes y logren el \u00e9xito juntos.<\/span><\/p>\n[\/vc_column_text][mk_button size=\u00bblarge\u00bb icon=\u00bbmk-li-tshirt\u00bb url=\u00bb\/unete-a-nosotros\u00bb]\u00daNETE A NOSOTROS[\/mk_button][mk_button size=\u00bblarge\u00bb icon=\u00bbmk-li-star\u00bb url=\u00bb#equipo\u00bb]EQUIPO[\/mk_button][\/vc_column][\/vc_row][vc_row fullwidth=\u00bbtrue\u00bb css=\u00bb.vc_custom_1495571020747{padding-top: 80px !important;padding-bottom: 80px !important;}\u00bb id=\u00bbequipo\u00bb][vc_column width=\u00bb5\/6&#8243; offset=\u00bbvc_col-sm-offset-1&#8243;][vc_column_text align=\u00bbcenter\u00bb]\n<h1>\u00a0Nuestro equipo:<\/h1>\n[\/vc_column_text][vc_separator style=\u00bbdotted\u00bb border_width=\u00bb2&#8243; el_width=\u00bb50&#8243;][mk_employees style=\u00bbboxed\u00bb custom_image_size=\u00bbtrue\u00bb image_size=\u00bbfull\u00bb count=\u00bb3&#8243; animation=\u00bbfade-in\u00bb][\/vc_column][\/vc_row]\n<\/div>","protected":false},"excerpt":{"rendered":"<p>[vc_row fullwidth=\u00bbtrue\u00bb css=\u00bb.vc_custom_1495570855651{padding-bottom: 80px !important;background-image: url(http:\/\/trendspridaren.com\/wp-content\/uploads\/2017\/04\/fondoquienessomos3.jpg?id=316) !important;background-position: center !important;background-repeat: no-repeat !important;background-size: cover !important;}\u00bb][vc_column width=\u00bb5\/12&#8243; css=\u00bb.vc_custom_1495571269075{padding-top: 80px !important;}\u00bb][vc_column_text align=\u00bbcenter\u00bb] Qui\u00e9nes somos\u00a0 [\/vc_column_text][\/vc_column][vc_column width=\u00bb1\/2&#8243; css=\u00bb.vc_custom_1495571263373{padding-top: 80px !important;padding-bottom: 80px !important;}\u00bb][vc_column_text css=\u00bb.vc_custom_1736169537880{margin-bottom: 0px !important;}\u00bb] Trendspridaren es una agencia de desarrollo de negocio y representacion, especializada en moda y tendencias, con sede en Estocolmo y delegaci\u00f3n comercial en Valencia. Nuestro [&hellip;]<\/p>\n","protected":false},"author":1,"featured_media":0,"parent":0,"menu_order":0,"comment_status":"closed","ping_status":"closed","template":"","meta":{"footnotes":""},"class_list":["post-231","page","type-page","status-publish","hentry"],"_links":{"self":[{"href":"https:\/\/trendspridaren.com\/es\/wp-json\/wp\/v2\/pages\/231"}],"collection":[{"href":"https:\/\/trendspridaren.com\/es\/wp-json\/wp\/v2\/pages"}],"about":[{"href":"https:\/\/trendspridaren.com\/es\/wp-json\/wp\/v2\/types\/page"}],"author":[{"embeddable":true,"href":"https:\/\/trendspridaren.com\/es\/wp-json\/wp\/v2\/users\/1"}],"replies":[{"embeddable":true,"href":"https:\/\/trendspridaren.com\/es\/wp-json\/wp\/v2\/comments?post=231"}],"version-history":[{"count":41,"href":"https:\/\/trendspridaren.com\/es\/wp-json\/wp\/v2\/pages\/231\/revisions"}],"predecessor-version":[{"id":4540,"href":"https:\/\/trendspridaren.com\/es\/wp-json\/wp\/v2\/pages\/231\/revisions\/4540"}],"wp:attachment":[{"href":"https:\/\/trendspridaren.com\/es\/wp-json\/wp\/v2\/media?parent=231"}],"curies":[{"name":"wp","href":"https:\/\/api.w.org\/{rel}","templated":true}]}}