{"id":473,"date":"2017-06-06T14:30:28","date_gmt":"2017-06-06T14:30:28","guid":{"rendered":"http:\/\/trendspridaren.com\/?page_id=473"},"modified":"2019-03-27T16:04:51","modified_gmt":"2019-03-27T16:04:51","slug":"marcas","status":"publish","type":"page","link":"https:\/\/trendspridaren.com\/es\/marcas\/","title":{"rendered":"Marcas"},"content":{"rendered":"<div class=\"wpb-content-wrapper\">[vc_row][vc_column css=\u00bb.vc_custom_1497284425539{padding-top: 80px !important;}\u00bb][vc_column_text align=\u00bbcenter\u00bb]\n<p><span style=\"font-size: 22px;\">A continuaci\u00f3n un listado de algunas de las marcas que trabajan con nosotros. Descubre informaci\u00f3n relevante y sus productos m\u00e1s destacados. \u00bfQuieres trabajar con alguna de ellas? <strong><a href=\"\/contactar\">contacta con nosotros<\/a><\/strong>:<\/span><\/p>\n[\/vc_column_text][\/vc_column][\/vc_row][vc_row][vc_column][vc_basic_grid post_type=\u00bbpost\u00bb max_items=\u00bb-1&#8243; show_filter=\u00bbyes\u00bb element_width=\u00bb3&#8243; gap=\u00bb35&#8243; orderby=\u00bbID\u00bb filter_default_title=\u00bbTodas\u00bb filter_color=\u00bbchino\u00bb filter_size=\u00bblg\u00bb item=\u00bb489&#8243; grid_id=\u00bbvc_gid:1551723087701-cc173cab-5793-0&#8243; taxonomies=\u00bb6, 11, 7, 8, 12, 5, 9, 4&#8243; filter_source=\u00bbcategory\u00bb exclude_filter=\u00bb4&#8243;][\/vc_column][\/vc_row]\n<\/div>","protected":false},"excerpt":{"rendered":"<p>[vc_row][vc_column css=\u00bb.vc_custom_1497284425539{padding-top: 80px !important;}\u00bb][vc_column_text align=\u00bbcenter\u00bb] A continuaci\u00f3n un listado de algunas de las marcas que trabajan con nosotros. Descubre informaci\u00f3n relevante y sus productos m\u00e1s destacados. \u00bfQuieres trabajar con alguna de ellas? contacta con nosotros: [\/vc_column_text][\/vc_column][\/vc_row][vc_row][vc_column][vc_basic_grid post_type=\u00bbpost\u00bb max_items=\u00bb-1&#8243; show_filter=\u00bbyes\u00bb element_width=\u00bb3&#8243; gap=\u00bb35&#8243; orderby=\u00bbID\u00bb filter_default_title=\u00bbTodas\u00bb filter_color=\u00bbchino\u00bb filter_size=\u00bblg\u00bb item=\u00bb489&#8243; grid_id=\u00bbvc_gid:1551723087701-cc173cab-5793-0&#8243; taxonomies=\u00bb6, 11, 7, 8, 12, 5, 9, 4&#8243; [&hellip;]<\/p>\n","protected":false},"author":1,"featured_media":0,"parent":0,"menu_order":0,"comment_status":"closed","ping_status":"closed","template":"","meta":{"footnotes":""},"class_list":["post-473","page","type-page","status-publish","hentry"],"_links":{"self":[{"href":"https:\/\/trendspridaren.com\/es\/wp-json\/wp\/v2\/pages\/473"}],"collection":[{"href":"https:\/\/trendspridaren.com\/es\/wp-json\/wp\/v2\/pages"}],"about":[{"href":"https:\/\/trendspridaren.com\/es\/wp-json\/wp\/v2\/types\/page"}],"author":[{"embeddable":true,"href":"https:\/\/trendspridaren.com\/es\/wp-json\/wp\/v2\/users\/1"}],"replies":[{"embeddable":true,"href":"https:\/\/trendspridaren.com\/es\/wp-json\/wp\/v2\/comments?post=473"}],"version-history":[{"count":29,"href":"https:\/\/trendspridaren.com\/es\/wp-json\/wp\/v2\/pages\/473\/revisions"}],"predecessor-version":[{"id":2841,"href":"https:\/\/trendspridaren.com\/es\/wp-json\/wp\/v2\/pages\/473\/revisions\/2841"}],"wp:attachment":[{"href":"https:\/\/trendspridaren.com\/es\/wp-json\/wp\/v2\/media?parent=473"}],"curies":[{"name":"wp","href":"https:\/\/api.w.org\/{rel}","templated":true}]}}