{"id":5,"date":"2017-03-21T20:38:35","date_gmt":"2017-03-21T20:38:35","guid":{"rendered":"http:\/\/trendspridaren.com\/?page_id=5"},"modified":"2017-03-21T20:58:18","modified_gmt":"2017-03-21T20:58:18","slug":"lopd-y-politica-de-cookies","status":"publish","type":"page","link":"https:\/\/trendspridaren.com\/es\/lopd-y-politica-de-cookies\/","title":{"rendered":"LOPD y Pol\u00edtica de Cookies"},"content":{"rendered":"<h2>PROTECCI\u00d3N DE DATOS<\/h2>\n<p>En <strong>TRENDSPRIDAREN<\/strong> respetamos la privacidad de los usuarios al acceder a nuestra p\u00e1gina web. El objetivo de este documento es <strong>garantizar la protecci\u00f3n de la confidencialidad de los datos personales.<\/strong> En \u00e9l se precisan los tipos de informaciones que recogemos sobre nuestros usuarios a lo largo de nuestras relaciones, lo que hacemos con esas informaciones y c\u00f3mo los usuarios pueden actualizarlas y controlar la utilizaci\u00f3n de las informaciones aportadas. Dado que el contenido de este documento puede cambiar, se recomienda consultarlo frecuentemente.<\/p>\n<p>Puede visitar varias secciones de nuestra web sin registrarse. Sin embargo, para algunas \u00e0reas se le solicitar\u00e1 que se registre (si a\u00fan no lo ha hecho) y que nos aporte ciertas informaciones sobre s\u00ed mismo y\/o su empresa, tales como su nombre, profesi\u00f3n, e-mail y otro tipo de datos que nos permitir\u00e1n <strong>aportarles servicios e informaciones.<\/strong><\/p>\n<p>Una vez finalizado el proceso de atribuci\u00f3n de nombre de usuario y de contrase\u00f1a, tendr\u00e0 acceso a otras secciones de la web. Si utiliza otros servicios disponibles en nuestra web, podremos pedirle que nos facilite informaci\u00f3n adicional. Tambi\u00e9n podremos recoger sus datos personales cuando participe en encuestas o nos de su opini\u00f3n. Por favor, si nos aporta <strong>datos personales sobre otras personas,<\/strong> aseg\u00farese de que conocen esta comunicaci\u00f3n y que pueden consultar nuestra pol\u00edtica de protecci\u00f3n de datos personales . Cuando visite nuestra web y con el fin de facilitar su utilizaci\u00f3n, recogemos ciertas informaciones t\u00e9cnicas y de ruta sobre su ordenador,. Por ejemplo, para ofrecerle el mejor servicio posible, registramos variables sobre su entorno inform\u00e1tico, como el tipo de buscador, el sistema operativo y la velocidad de su CPU, as\u00ed como la direcci\u00f3n IP (Internet Protocol) de su proveedor de acceso.<\/p>\n<p>Recogemos informaciones adicionales sobre la utilizaci\u00f3n de nuestra web, como las p\u00e1ginas visitadas m\u00e1s a menudo, cu\u00e1ntos visitantes recibimos al d\u00eda y cu\u00e1nto tiempo dedican a cada p\u00e1gina. En <strong>TRENDSPRIDAREN<\/strong> hacemos todo lo posible por proteger sus datos. Sin embargo, debe tener en cuenta que si aporta informaci\u00f3n a trav\u00e9s de sistemas p\u00fablicos o de terceros, lo har\u00e1 por su cuenta y riesgo.<\/p>\n<p>En <strong>TRENDSPRIDAREN<\/strong> intentamos que nuestra web sea m\u00e1s accesible, utilizando informaciones demogr\u00e1ficas o sobre el uso de la web que recogemos de nuestros usuarios, para utilizarlas en m\u00e1rketing, publicidad o actividades similares. Dada la dimensi\u00f3n internacional de nuestra empresa, el hecho de visitar nuestra web y de facilitarnos sus datos constituye un reconocimiento por su parte, y su consentimiento, para que los usemos con los fines descritos en este documento y\/o especificados con ocasi\u00f3n de nuestros contactos con Ud. as\u00ed como para facilitar estos datos.<\/p>\n<p>Al aportarnos sus datos, autoriza su transmisi\u00f3n. <strong>TRENDSPRIDAREN<\/strong> no vender\u00e1 su direcci\u00f3n e-mail u otras informaciones identificables a terceros, sin embargo, podremos compartirlas con otras empresas del grupo, o con terceros, para alcanzar los fines descritos en este documento concernientes a nuestros contactos con Ud. o a trav\u00e9s de esta web. Tambi\u00e9n podremos proporcionar a terceros las estad\u00edsticas comunes concernientes a los pedidos de nuestros clientes o a la actividad de nuestra web, con fines de m\u00e1rketing y de promoci\u00f3n. Puede ejercer su derecho de oposici\u00f3n a recibir informaciones sobre actividades, productos y servicios ajenos a <strong>TRENDSPRIDAREN,<\/strong> y a que sus datos sean facilitados a terceros.<\/p>\n<p>Todos los textos e im\u00e1genes incluidos en esta Web, as\u00ed como cualquier otro tipo de informaci\u00f3n, son propiedad de <strong>TRENDSPRIDAREN<\/strong> Asimismo, podr\u00e1n ser conservados para contestar a su solicitud y para el env\u00edo (por canales ordinarios o electr\u00f3nicos) de informaci\u00f3n relacionada con nuestra actividad que pueda resultar de est\u00e1n protegidos por las leyes y tratados sobre derechos de autor, as\u00ed como por otras leyes y tratados sobre la propiedad intelectual.<\/p>\n<p>De acuerdo a la Ley Org\u00e1nica 15\/1999 de 13 de Diciembre, de <strong>Protecci\u00f3n de Datos de Car\u00e1cter Personal<\/strong> (LOPD), le informamos que mediante la cumplimentaci\u00f3n de los formularios, sus datos personales ser\u00e1n utilizados con la finalidad que se indique en las p\u00e1ginas donde se encuentre el formulario electr\u00f3nico de recogida de datos personales.<\/p>\n<h2>POL\u00cdTICA DE COOKIES<\/h2>\n<p>Desde <strong>TRENDSPRIDAREN<\/strong> deseamos informarte que nuestra p\u00e1gina web utiliza cookies para analizar la navegaci\u00f3n de usuarios. Las cookies son unos archivos que se instalan en el equipo desde el que accedes a nuestra web con las finalidades que se describen en esta p\u00e1gina. La aplicaci\u00f3n que utilizamos para obtener y analizar la informaci\u00f3n de la navegaci\u00f3n es: <strong><a href=\"http:\/\/www.google.com\/analytics\/\">Google Analytics<\/a>.\u00a0<\/strong>\u00a0Esta aplicaci\u00f3n ha sido desarrollada por <strong>Google,<\/strong> que nos presta el servicio de an\u00e1lisis de la audiencia de nuestra p\u00e1gina. Esta empresa puede utilizar estos datos para mejorar sus propios servicios.<\/p>\n<p>Puedes conocer esos otros usos desde los enlaces indicados. Esta herramienta no obtiene datos de los nombres o apellidos de los usuarios ni de la direcci\u00f3n postal desde donde se conectan. La informaci\u00f3n que obtiene est\u00e1 relacionada por ejemplo con el n\u00famero de p\u00e1ginas visitas, el idioma, red social en la que se publican nuestras noticias, la ciudad a la que est\u00e1 asignada la direcci\u00f3n IP desde la que acceden los usuarios, el n\u00famero de usuarios que nos visitan, la frecuencia y reincidencia de las visitas, el tiempo de visita, el navegador que usan, el operador o tipo de terminal desde el que se realiza la visita. <strong>Esta informaci\u00f3n la utilizamos para mejorar nuestra p\u00e1gina,<\/strong> detectar nuevas necesidades y valorar las mejoras a introducir con la finalidad de prestar un mejor servicio a los usuarios que nos visitan.<\/p>\n","protected":false},"excerpt":{"rendered":"<p>PROTECCI\u00d3N DE DATOS En TRENDSPRIDAREN respetamos la privacidad de los usuarios al acceder a nuestra p\u00e1gina web. El objetivo de este documento es garantizar la protecci\u00f3n de la confidencialidad de los datos personales. En \u00e9l se precisan los tipos de informaciones que recogemos sobre nuestros usuarios a lo largo de nuestras relaciones, lo que hacemos [&hellip;]<\/p>\n","protected":false},"author":1,"featured_media":0,"parent":0,"menu_order":0,"comment_status":"closed","ping_status":"closed","template":"","meta":{"footnotes":""},"class_list":["post-5","page","type-page","status-publish","hentry"],"_links":{"self":[{"href":"https:\/\/trendspridaren.com\/es\/wp-json\/wp\/v2\/pages\/5"}],"collection":[{"href":"https:\/\/trendspridaren.com\/es\/wp-json\/wp\/v2\/pages"}],"about":[{"href":"https:\/\/trendspridaren.com\/es\/wp-json\/wp\/v2\/types\/page"}],"author":[{"embeddable":true,"href":"https:\/\/trendspridaren.com\/es\/wp-json\/wp\/v2\/users\/1"}],"replies":[{"embeddable":true,"href":"https:\/\/trendspridaren.com\/es\/wp-json\/wp\/v2\/comments?post=5"}],"version-history":[{"count":3,"href":"https:\/\/trendspridaren.com\/es\/wp-json\/wp\/v2\/pages\/5\/revisions"}],"predecessor-version":[{"id":9,"href":"https:\/\/trendspridaren.com\/es\/wp-json\/wp\/v2\/pages\/5\/revisions\/9"}],"wp:attachment":[{"href":"https:\/\/trendspridaren.com\/es\/wp-json\/wp\/v2\/media?parent=5"}],"curies":[{"name":"wp","href":"https:\/\/api.w.org\/{rel}","templated":true}]}}