{"id":749,"date":"2017-09-06T14:26:31","date_gmt":"2017-09-06T14:26:31","guid":{"rendered":"https:\/\/trendspridaren.com\/?page_id=749\/"},"modified":"2019-03-18T16:48:01","modified_gmt":"2019-03-18T16:48:01","slug":"exportar-tu-marca-de-ropa-al-mercado-escandinavo","status":"publish","type":"page","link":"https:\/\/trendspridaren.com\/es\/exportar-tu-marca-de-ropa-al-mercado-escandinavo\/","title":{"rendered":"Exportar tu marca de ropa al mercado internacional"},"content":{"rendered":"<div class=\"wpb-content-wrapper\">[vc_row fullwidth=\u00bbtrue\u00bb css=\u00bb.vc_custom_1505322410685{background: #f1e4e5 url(https:\/\/trendspridaren.com\/wp-content\/uploads\/2017\/09\/sliderlandsuec.jpg?id=753) !important;background-position: center !important;background-repeat: no-repeat !important;background-size: cover !important;}\u00bb][vc_column width=\u00bb1\/2&#8243; offset=\u00bbvc_col-lg-offset-1 vc_col-lg-5 vc_col-sm-offset-1 vc_col-xs-11&#8243; css=\u00bb.vc_custom_1505733248076{padding-top: 40px !important;padding-right: 50px !important;padding-bottom: 200px !important;}\u00bb][vc_column_text animation=\u00bbleft-to-right\u00bb]\n<h1 style=\"font-size: 34px; line-height: 36px;\">Exportemos tu marca de ropa al mercado internacional.<\/h1>\n<h2 style=\"font-size: 22px;\">Abret\u00e9 a otros mercados, exportando tus productos mediante nuestro\u00a0sistema de expansi\u00f3n.<br \/>\nContamos con una potente cartera de contactos\u00a0internacionales, <strong>Suecia, Noruega y Dinamarca<\/strong> son nuestros principales puntos de acci\u00f3n, pero cada d\u00eda m\u00e1s paises se suman a nuestro proyecto; Italia, Grecia, Portugal, Inglaterra, M\u00e9xico y un largo etc.<\/h2>\n[\/vc_column_text][mk_button dimension=\u00bbflat\u00bb size=\u00bblarge\u00bb icon=\u00bbmk-li-web\u00bb url=\u00bb#inscripcion\u00bb margin_top=\u00bb20&#8243; margin_right=\u00bb0&#8243; animation=\u00bbfade-in\u00bb]\u00a1EXPORTAR YA![\/mk_button][\/vc_column][vc_column width=\u00bb5\/12&#8243; css=\u00bb.vc_custom_1505210080445{background-position: center !important;background-repeat: no-repeat !important;background-size: cover !important;}\u00bb offset=\u00bbvc_col-lg-offset-1 vc_col-xs-3&#8243;][\/vc_column][\/vc_row][vc_row fullwidth=\u00bbtrue\u00bb fullwidth_content=\u00bbfalse\u00bb parallax=\u00bbcontent-moving\u00bb parallax_image=\u00bb760&#8243;][vc_column width=\u00bb1\/4&#8243;][\/vc_column][vc_column width=\u00bb1\/2&#8243; css=\u00bb.vc_custom_1505249819160{margin-top: 100px !important;margin-bottom: 100px !important;padding-top: 50px !important;padding-right: 20px !important;padding-bottom: 30px !important;padding-left: 20px !important;background-color: #b17f4a !important;}\u00bb][vc_column_text align=\u00bbcenter\u00bb animation=\u00bbfade-in\u00bb]\n<h3><span style=\"font-size: 45px; color: #ffffff; font-weight: 200; line-height: 50px;\">TRABAJEMOS JUNTOS<\/span><\/h3>\n[\/vc_column_text][vc_column_text disable_pattern=\u00bbfalse\u00bb align=\u00bbcenter\u00bb margin_bottom=\u00bb20&#8243; animation=\u00bbfade-in\u00bb]<span style=\"font-size: 27px; color: #fff; line-height: 38px;\">Necesitamos tu confianza para preparar tu entrada al mercado internacional y poder ofrecerte beneficios. En nuestro grupo contamos con un gran n\u00famero de empresas interesadas en incluir tus producto en su red de ventas.<\/span>[\/vc_column_text][mk_button dimension=\u00bbsavvy\u00bb size=\u00bblarge\u00bb icon=\u00bbmk-li-paper-plane\u00bb url=\u00bb#inscripcion\u00bb align=\u00bbcenter\u00bb outline_skin=\u00bblight\u00bb]\u00a1PRU\u00c9BALO![\/mk_button][\/vc_column][vc_column width=\u00bb1\/4&#8243;][\/vc_column][\/vc_row][vc_row fullwidth=\u00bbtrue\u00bb css=\u00bb.vc_custom_1505228102876{border-bottom-width: 3px !important;background-color: #212121 !important;border-bottom-color: #333333 !important;border-bottom-style: dotted !important;}\u00bb][vc_column offset=\u00bbvc_col-lg-offset-1 vc_col-lg-10&#8243; css=\u00bb.vc_custom_1505227540258{padding-top: 35px !important;padding-bottom: 25px !important;}\u00bb][vc_column_text align=\u00bbcenter\u00bb animation=\u00bbleft-to-right\u00bb]\n<h3><span style=\"font-size: 40px; font-weight: 200; line-height: 40px; color: #fff;\">\u00bfC\u00f3mo podemos exportar tu marca?<\/span><\/h3>\n[\/vc_column_text][\/vc_column][\/vc_row][vc_row fullwidth=\u00bbtrue\u00bb css=\u00bb.vc_custom_1505235641502{padding-top: 50px !important;padding-bottom: 50px !important;background-image: url(https:\/\/trendspridaren.com\/wp-content\/uploads\/2017\/09\/fondoventajas4.jpg?id=850) !important;background-position: center !important;background-repeat: no-repeat !important;background-size: cover !important;}\u00bb][vc_column width=\u00bb1\/2&#8243; offset=\u00bbvc_col-lg-offset-1 vc_col-lg-5&#8243; css=\u00bb.vc_custom_1505234954795{padding-right: 35px !important;padding-left: 35px !important;}\u00bb][mk_font_icons icon=\u00bbmk-li-bag\u00bb color=\u00bb#b17f4a\u00bb size=\u00bbx-large\u00bb align=\u00bbcenter\u00bb animation=\u00bbbottom-to-top\u00bb][vc_column_text align=\u00bbcenter\u00bb]\n<h3><span style=\"color: #ffffff;\">Un mercado serio<\/span><\/h3>\n<p><span style=\"color: #ffffff;\">Los distintos mercados internacionales pueden ser muy exigentes. Te orientaremos y mostraremos las claves necesarias.<\/span>[\/vc_column_text][mk_button dimension=\u00bbflat\u00bb size=\u00bbmedium\u00bb url=\u00bb\/es\/quienes-somos\/\u00bb target=\u00bb_blank\u00bb align=\u00bbcenter\u00bb animation=\u00bbfade-in\u00bb]CON\u00d3CENOS[\/mk_button][vc_empty_space height=\u00bb70px\u00bb][mk_font_icons icon=\u00bbmk-li-tshirt\u00bb color=\u00bb#b17f4a\u00bb size=\u00bbx-large\u00bb align=\u00bbcenter\u00bb animation=\u00bbbottom-to-top\u00bb][vc_column_text align=\u00bbcenter\u00bb]\n<h3><span style=\"color: #ffffff;\">Showroom Virtual<\/span><\/h3>\n<p><span style=\"color: #ffffff;\">Crearemos un perfil de marca, con logo, descripci\u00f3n y selecci\u00f3n de fotos en nuestra plataforma on-line como medio de difusi\u00f3n.<\/span>[\/vc_column_text][mk_button dimension=\u00bbflat\u00bb size=\u00bbmedium\u00bb url=\u00bb\/es\/marcas\/the-extreme-collection\/\u00bb target=\u00bb_blank\u00bb align=\u00bbcenter\u00bb animation=\u00bbfade-in\u00bb]VER EJEMPLO[\/mk_button][\/vc_column][vc_column width=\u00bb1\/2&#8243; offset=\u00bbvc_col-lg-offset-0 vc_col-lg-5&#8243; css=\u00bb.vc_custom_1505235853894{padding-right: 35px !important;padding-bottom: 40px !important;padding-left: 35px !important;}\u00bb][mk_font_icons icon=\u00bbmk-li-expand\u00bb color=\u00bb#b17f4a\u00bb size=\u00bbx-large\u00bb align=\u00bbcenter\u00bb animation=\u00bbbottom-to-top\u00bb][vc_column_text align=\u00bbcenter\u00bb]\n<h3><span style=\"color: #ffffff;\">Difusi\u00f3n<\/span><\/h3>\n<p><span style=\"color: #ffffff;\">Expondremos tu cat\u00e1logo a nuestros distribuidores asociados, tiendas multimarca y ecommerces<\/span>[\/vc_column_text][mk_button dimension=\u00bbflat\u00bb size=\u00bbmedium\u00bb url=\u00bb\/es\/marcas\/\u00bb target=\u00bb_blank\u00bb align=\u00bbcenter\u00bb animation=\u00bbfade-in\u00bb]MARCAS QUE CONFIAN EN NOSOTROS[\/mk_button][vc_empty_space height=\u00bb70px\u00bb][mk_font_icons icon=\u00bbmk-li-unlock\u00bb color=\u00bb#b17f4a\u00bb size=\u00bbx-large\u00bb align=\u00bbcenter\u00bb animation=\u00bbbottom-to-top\u00bb][vc_column_text align=\u00bbcenter\u00bb]\n<h3><span style=\"color: #ffffff;\">Preparaci\u00f3n<\/span><\/h3>\n<p><span style=\"color: #ffffff;\">Te prepararemos para tener acceso a nuevos mercados en constante crecimiento y con grandes expectativas de beneficio. <\/span>[\/vc_column_text][mk_button dimension=\u00bbflat\u00bb size=\u00bbmedium\u00bb url=\u00bb\/es\/contactar\/\u00bb target=\u00bb_blank\u00bb align=\u00bbcenter\u00bb animation=\u00bbfade-in\u00bb]CONSULTANOS TUS DUDAS[\/mk_button][\/vc_column][vc_column offset=\u00bbvc_col-lg-offset-1 vc_col-lg-10&#8243; css=\u00bb.vc_custom_1505235729964{padding-top: 30px !important;}\u00bb][vc_column_text disable_pattern=\u00bbfalse\u00bb align=\u00bbcenter\u00bb animation=\u00bbfade-in\u00bb]<span style=\"font-size: 32px; color: #fff; line-height: 38px;\"> Nuestro objetivo es establecer redes de ventas consolidadas y eficientes.<\/span>[\/vc_column_text][\/vc_column][\/vc_row][vc_row fullwidth=\u00bbtrue\u00bb css=\u00bb.vc_custom_1526660443134{padding-top: 30px !important;background-color: #f2f2f2 !important;}\u00bb][vc_column][vc_column_text align=\u00bbcenter\u00bb]\n<h3><span style=\"color: #b17e4a; text-transform: uppercase; font-size: 18px;\"><strong>Marcas de ropa y complementos\u00a0 que ya conf\u00edan en nosotros:<\/strong><\/span><\/h3>\n[\/vc_column_text][\/vc_column][\/vc_row][vc_row fullwidth=\u00bbtrue\u00bb][vc_column width=\u00bb1\/3&#8243; offset=\u00bbvc_col-lg-offset-0 vc_col-lg-2 vc_col-md-offset-0 vc_col-md-4 vc_col-sm-offset-0 vc_col-xs-4&#8243;][mk_image src=\u00bbhttps:\/\/trendspridaren.com\/wp-content\/uploads\/2018\/01\/logoextemecollection-e1517325524645.png\u00bb image_size=\u00bbfull\u00bb link=\u00bb\/es\/marcas\/the-extreme-collection\/\u00bb][\/vc_column][vc_column width=\u00bb1\/3&#8243; offset=\u00bbvc_col-lg-offset-0 vc_col-lg-2 vc_col-md-offset-0 vc_col-md-4 vc_col-sm-offset-0 vc_col-xs-4&#8243;][mk_image src=\u00bbhttps:\/\/trendspridaren.com\/wp-content\/uploads\/2018\/03\/anazaragozalogo.png\u00bb image_size=\u00bbfull\u00bb link=\u00bb\/es\/marcas\/ana-zaragoza\/\u00bb][\/vc_column][vc_column width=\u00bb1\/3&#8243; offset=\u00bbvc_col-lg-offset-0 vc_col-lg-2 vc_col-md-offset-0 vc_col-md-4 vc_col-sm-offset-0 vc_col-xs-4&#8243;][mk_image src=\u00bbhttps:\/\/trendspridaren.com\/wp-content\/uploads\/2018\/01\/logo.png\u00bb image_size=\u00bbfull\u00bb link=\u00bb\/es\/marcas\/gloria-velazquez\/\u00bb][\/vc_column][vc_column width=\u00bb1\/3&#8243; offset=\u00bbvc_col-lg-offset-0 vc_col-lg-2 vc_col-md-offset-0 vc_col-md-4 vc_col-sm-offset-0 vc_hidden-sm vc_col-xs-4 vc_hidden-xs\u00bb][mk_image src=\u00bbhttps:\/\/trendspridaren.com\/wp-content\/uploads\/2017\/08\/logoanastasia.png\u00bb image_size=\u00bbfull\u00bb link=\u00bb\/es\/marcas\/nastasia-nash\/\u00bb][\/vc_column][vc_column width=\u00bb1\/3&#8243; offset=\u00bbvc_col-lg-offset-0 vc_col-lg-2 vc_col-md-offset-0 vc_col-md-4 vc_col-sm-offset-0 vc_hidden-sm vc_col-xs-4 vc_hidden-xs\u00bb][mk_image src=\u00bbhttps:\/\/trendspridaren.com\/wp-content\/uploads\/2017\/05\/a3puntosok.png\u00bb image_size=\u00bbfull\u00bb link=\u00bb\/es\/marcas\/a-tres-puntos\/\u00bb][\/vc_column][vc_column width=\u00bb1\/3&#8243; offset=\u00bbvc_col-lg-offset-0 vc_col-lg-2 vc_col-md-offset-0 vc_col-md-4 vc_col-sm-offset-0 vc_hidden-sm vc_col-xs-4 vc_hidden-xs\u00bb][mk_image src=\u00bbhttps:\/\/trendspridaren.com\/wp-content\/uploads\/2017\/04\/refo.png\u00bb image_size=\u00bbfull\u00bb link=\u00bb\/es\/marcas\/refo\/\u00bb][\/vc_column][\/vc_row][vc_row fullwidth=\u00bbtrue\u00bb css=\u00bb.vc_custom_1505764426759{padding-top: 100px !important;padding-bottom: 50px !important;background-image: url(https:\/\/trendspridaren.com\/wp-content\/uploads\/2017\/09\/fondotextura2.png?id=882) !important;background-position: 0 0 !important;background-repeat: repeat !important;}\u00bb][vc_column width=\u00bb5\/6&#8243; offset=\u00bbvc_col-lg-offset-1 vc_col-lg-5 vc_col-md-offset-1 vc_col-md-10 vc_col-sm-offset-1 vc_col-xs-offset-1 vc_col-xs-10&#8243;][mk_lcd_slideshow images=\u00bb874,875&#8243; animation=\u00bbleft-to-right\u00bb][\/vc_column][vc_column width=\u00bb5\/6&#8243; offset=\u00bbvc_col-lg-offset-0 vc_col-lg-5 vc_col-md-offset-1 vc_col-md-10 vc_col-sm-offset-1 vc_col-xs-12&#8243; css=\u00bb.vc_custom_1505764284089{padding-top: 0px !important;padding-right: 50px !important;padding-bottom: 50px !important;padding-left: 50px !important;}\u00bb][vc_column_text]\n<h3><span style=\"font-size: 36px; font-weight: 200; line-height: 48px;\">Podemos asesorarte para adaptar tu cat\u00e1logo de productos a los distintos mercados internacionales y te facilitaremos toda la informaci\u00f3n necesaria para comprender mejor los sistemas de negocio.<\/span><\/h3>\n[\/vc_column_text][mk_button dimension=\u00bbflat\u00bb size=\u00bblarge\u00bb url=\u00bb#inscripcion\u00bb margin_top=\u00bb20&#8243; margin_right=\u00bb0&#8243; animation=\u00bbflip-x\u00bb]CONF\u00cdA EN NOSOTROS[\/mk_button][\/vc_column][\/vc_row][vc_row fullwidth=\u00bbtrue\u00bb css=\u00bb.vc_custom_1505486619658{margin-top: 0px !important;margin-bottom: 0px !important;padding-top: 0px !important;padding-bottom: 0px !important;background-color: #b37f46 !important;}\u00bb][vc_column width=\u00bb5\/6&#8243; offset=\u00bbvc_col-lg-offset-0 vc_col-lg-6 vc_col-md-offset-1 vc_col-md-10 vc_col-sm-offset-1&#8243; css=\u00bb.vc_custom_1505764041012{padding-top: 100px !important;}\u00bb][vc_column_text]\n<h3><span style=\"font-size: 38px; font-weight: 200; line-height: 48px; color: #ffffff;\">Un mercado complejo, pero en continuo auge<\/span><\/h3>\n<h4><span style=\"font-size: 28px; line-height: 38px; color: #ffffff;\"> Nuestro principal radio de acci\u00f3n se encuentra en el mercado escandinavo:<\/span><\/h4>\n[\/vc_column_text][vc_row_inner css=\u00bb.vc_custom_1505763680920{padding-top: 40px !important;}\u00bb][vc_column_inner width=\u00bb1\/3&#8243;][vc_column_text]\n<h5><span style=\"color: #ffffff; font-size: 25px;\">Suecia:<\/span><\/h5>\n[\/vc_column_text][mk_custom_list style=\u00bbmk-moon-location-6&#8243; icon_color=\u00bb#ffffff\u00bb align=\u00bbleft\u00bb animation=\u00bbleft-to-right\u00bb]\n<ul style=\"line-height: 35px !important; font-size: 25px!important; color: #fff;\">\n<li>Estocolmo<\/li>\n<li>Gotemburgo<\/li>\n<li>Malm\u00f6<\/li>\n<\/ul>\n[\/mk_custom_list][\/vc_column_inner][vc_column_inner width=\u00bb1\/3&#8243;][vc_column_text]\n<h5><span style=\"color: #ffffff; font-size: 25px;\">Noruega:<\/span><\/h5>\n[\/vc_column_text][mk_custom_list style=\u00bbmk-moon-location-6&#8243; icon_color=\u00bb#ffffff\u00bb align=\u00bbleft\u00bb animation=\u00bbleft-to-right\u00bb]\n<ul style=\"line-height: 35px !important; font-size: 25px!important; color: #fff;\">\n<li>Oslo<\/li>\n<li>Berggen<\/li>\n<\/ul>\n[\/mk_custom_list][\/vc_column_inner][vc_column_inner width=\u00bb1\/3&#8243;][vc_column_text]\n<h5><span style=\"color: #ffffff; font-size: 25px;\">Dinamarca:<\/span><\/h5>\n[\/vc_column_text][mk_custom_list style=\u00bbmk-moon-location-6&#8243; icon_color=\u00bb#ffffff\u00bb align=\u00bbleft\u00bb animation=\u00bbleft-to-right\u00bb]\n<ul style=\"line-height: 35px !important; font-size: 25px!important; color: #fff;\">\n<li>Copenhague<\/li>\n<\/ul>\n[\/mk_custom_list][\/vc_column_inner][\/vc_row_inner][mk_button dimension=\u00bbsavvy\u00bb size=\u00bblarge\u00bb icon=\u00bbmk-li-paper-plane\u00bb url=\u00bb#inscripcion\u00bb align=\u00bbcenter\u00bb outline_skin=\u00bblight\u00bb]EMPEZAR A EXPORTAR[\/mk_button][\/vc_column][vc_column width=\u00bb1\/2&#8243; css=\u00bb.vc_custom_1505764056200{margin-right: 0px !important;margin-left: 0px !important;padding-right: 0px !important;padding-left: 0px !important;}\u00bb offset=\u00bbvc_col-lg-offset-0 vc_col-lg-6 vc_col-md-4 vc_hidden-md vc_hidden-sm vc_hidden-xs\u00bb][mk_image src=\u00bbhttps:\/\/trendspridaren.com\/wp-content\/uploads\/2017\/09\/planoescandinavia2.jpg\u00bb image_size=\u00bbfull\u00bb align=\u00bbright\u00bb margin_bottom=\u00bb0&#8243;][\/vc_column][\/vc_row][vc_row fullwidth=\u00bbtrue\u00bb css=\u00bb.vc_custom_1505486638673{padding-top: 100px !important;padding-bottom: 50px !important;background-color: #ffffff !important;}\u00bb id=\u00bbinscripcion\u00bb][vc_column width=\u00bb5\/6&#8243; offset=\u00bbvc_col-lg-offset-1 vc_col-lg-7 vc_col-md-offset-1 vc_col-md-10 vc_col-sm-offset-1 vc_col-xs-12&#8243; css=\u00bb.vc_custom_1505764136132{padding-right: 20px !important;padding-left: 30px !important;}\u00bb][vc_column_text]\n<p style=\"font-size: 48px; color: #b17f4a; font-weight: bold;\">Inscribirme<\/p>\n<p><span style=\"font-size: 25px;\">Completa el formulario con los datos de tu\u00a0empresa y nos pondremos en contacto contigo\u00a0para el env\u00edo de tu cat\u00e1logo para su posterior introducci\u00f3n en nuestra\u00a0web:<\/span>[\/vc_column_text]\n<div class=\"wpcf7 no-js\" id=\"wpcf7-f959-o1\" lang=\"es-ES\" dir=\"ltr\" data-wpcf7-id=\"959\">\n<div class=\"screen-reader-response\"><p role=\"status\" aria-live=\"polite\" aria-atomic=\"true\"><\/p> <ul><\/ul><\/div>\n<form action=\"\/es\/wp-json\/wp\/v2\/pages\/749#wpcf7-f959-o1\" method=\"post\" class=\"wpcf7-form init\" aria-label=\"Formulario de contacto\" novalidate=\"novalidate\" data-status=\"init\">\n<div style=\"display: none;\">\n<input type=\"hidden\" name=\"_wpcf7\" value=\"959\" \/>\n<input type=\"hidden\" name=\"_wpcf7_version\" value=\"6.0.5\" \/>\n<input type=\"hidden\" name=\"_wpcf7_locale\" value=\"es_ES\" \/>\n<input type=\"hidden\" name=\"_wpcf7_unit_tag\" value=\"wpcf7-f959-o1\" \/>\n<input type=\"hidden\" name=\"_wpcf7_container_post\" value=\"0\" \/>\n<input type=\"hidden\" name=\"_wpcf7_posted_data_hash\" value=\"\" \/>\n<input type=\"hidden\" name=\"_wpcf7_recaptcha_response\" value=\"\" \/>\n<\/div>\n<table>\n\t<tr>\n\t\t<td>\n\t\t\t<p><label> Persona de contacto*:<br \/>\n<span class=\"wpcf7-form-control-wrap\" data-name=\"nombre\"><input size=\"40\" maxlength=\"400\" class=\"wpcf7-form-control wpcf7-text wpcf7-validates-as-required\" aria-required=\"true\" aria-invalid=\"false\" value=\"\" type=\"text\" name=\"nombre\" \/><\/span> <\/label>\n\t\t\t<\/p>\n\t\t<\/td>\n\t\t<td>\n\t\t\t<p><label> Empresa\/Marca:<br \/>\n<span class=\"wpcf7-form-control-wrap\" data-name=\"empresa\"><input size=\"40\" maxlength=\"400\" class=\"wpcf7-form-control wpcf7-text\" aria-invalid=\"false\" value=\"\" type=\"text\" name=\"empresa\" \/><\/span> <\/label>\n\t\t\t<\/p>\n\t\t<\/td>\n\t<\/tr>\n\t<tr>\n\t\t<td>\n\t\t\t<p><label> Cif:<br \/>\n<span class=\"wpcf7-form-control-wrap\" data-name=\"cif\"><input size=\"40\" maxlength=\"400\" class=\"wpcf7-form-control wpcf7-text\" aria-invalid=\"false\" value=\"\" type=\"text\" name=\"cif\" \/><\/span> <\/label>\n\t\t\t<\/p>\n\t\t<\/td>\n\t\t<td>\n\t\t\t<p><label> Correo electr\u00f3nico*:<br \/>\n<span class=\"wpcf7-form-control-wrap\" data-name=\"correo\"><input size=\"40\" maxlength=\"400\" class=\"wpcf7-form-control wpcf7-email wpcf7-validates-as-required wpcf7-text wpcf7-validates-as-email\" aria-required=\"true\" aria-invalid=\"false\" value=\"\" type=\"email\" name=\"correo\" \/><\/span> <\/label>\n\t\t\t<\/p>\n\t\t<\/td>\n\t<\/tr>\n\t<tr>\n\t\t<td>\n\t\t\t<p><label> Correo electr\u00f3nico comercial:<br \/>\n<span class=\"wpcf7-form-control-wrap\" data-name=\"correocomercial\"><input size=\"40\" maxlength=\"400\" class=\"wpcf7-form-control wpcf7-email wpcf7-text wpcf7-validates-as-email\" aria-invalid=\"false\" value=\"\" type=\"email\" name=\"correocomercial\" \/><\/span> <\/label>\n\t\t\t<\/p>\n\t\t<\/td>\n\t\t<td>\n\t\t\t<p><label> A\u00f1o de apertura Empresa\/Marca:<br \/>\n<span class=\"wpcf7-form-control-wrap\" data-name=\"anoapertura\"><input size=\"40\" maxlength=\"400\" class=\"wpcf7-form-control wpcf7-text\" aria-invalid=\"false\" value=\"\" type=\"text\" name=\"anoapertura\" \/><\/span> <\/label>\n\t\t\t<\/p>\n\t\t<\/td>\n\t<\/tr>\n\t<tr>\n\t\t<td>\n\t\t\t<p><label> Tel\u00e9fonos de contacto*:<br \/>\n<span class=\"wpcf7-form-control-wrap\" data-name=\"telefonos\"><input size=\"40\" maxlength=\"400\" class=\"wpcf7-form-control wpcf7-text wpcf7-validates-as-required\" aria-required=\"true\" aria-invalid=\"false\" value=\"\" type=\"text\" name=\"telefonos\" \/><\/span><\/label>\n\t\t\t<\/p>\n\t\t<\/td>\n\t\t<td>\n\t\t\t<p><label> Tel\u00e9fonos de contacto Comercial:<br \/>\n<span class=\"wpcf7-form-control-wrap\" data-name=\"telefonoComercial\"><input size=\"40\" maxlength=\"400\" class=\"wpcf7-form-control wpcf7-text\" aria-invalid=\"false\" value=\"\" type=\"text\" name=\"telefonoComercial\" \/><\/span><\/label>\n\t\t\t<\/p>\n\t\t<\/td>\n\t<\/tr>\n\t<tr>\n\t\t<td>\n\t\t\t<p><label> Direcci\u00f3n Fiscal*:<br \/>\n<span class=\"wpcf7-form-control-wrap\" data-name=\"direccion\"><input size=\"40\" maxlength=\"400\" class=\"wpcf7-form-control wpcf7-text wpcf7-validates-as-required\" aria-required=\"true\" aria-invalid=\"false\" value=\"\" type=\"text\" name=\"direccion\" \/><\/span> <\/label>\n\t\t\t<\/p>\n\t\t<\/td>\n\t\t<td>\n\t\t\t<p><label> Direcci\u00f3n F\u00e1brica:<br \/>\n<span class=\"wpcf7-form-control-wrap\" data-name=\"direccionFabrica\"><input size=\"40\" maxlength=\"400\" class=\"wpcf7-form-control wpcf7-text\" aria-invalid=\"false\" value=\"\" type=\"text\" name=\"direccionFabrica\" \/><\/span> <\/label>\n\t\t\t<\/p>\n\t\t<\/td>\n\t<\/tr>\n\t<tr>\n\t\t<td>\n\t\t\t<p><label> Ciudad:<br \/>\n<span class=\"wpcf7-form-control-wrap\" data-name=\"ciudad\"><input size=\"40\" maxlength=\"400\" class=\"wpcf7-form-control wpcf7-text\" aria-invalid=\"false\" value=\"\" type=\"text\" name=\"ciudad\" \/><\/span> <\/label>\n\t\t\t<\/p>\n\t\t<\/td>\n\t\t<td>\n\t\t\t<p><label> Provincia:<br \/>\n<span class=\"wpcf7-form-control-wrap\" data-name=\"provincia\"><input size=\"40\" maxlength=\"400\" class=\"wpcf7-form-control wpcf7-text\" aria-invalid=\"false\" value=\"\" type=\"text\" name=\"provincia\" \/><\/span> <\/label>\n\t\t\t<\/p>\n\t\t<\/td>\n\t<\/tr>\n\t<tr>\n\t\t<td>\n\t\t\t<p><label> Pa\u00eds*:<br \/>\n<span class=\"wpcf7-form-control-wrap\" data-name=\"pais\"><input size=\"40\" maxlength=\"400\" class=\"wpcf7-form-control wpcf7-text wpcf7-validates-as-required\" aria-required=\"true\" aria-invalid=\"false\" value=\"\" type=\"text\" name=\"pais\" \/><\/span> <\/label>\n\t\t\t<\/p>\n\t\t<\/td>\n\t\t<td>\n\t\t\t<p><label> \u00bfCu\u00e1ntos trabajadores tiene tu empresa?<br \/>\n<span class=\"wpcf7-form-control-wrap\" data-name=\"numerotrabajadores\"><input size=\"40\" maxlength=\"400\" class=\"wpcf7-form-control wpcf7-text\" aria-invalid=\"false\" value=\"\" type=\"text\" name=\"numerotrabajadores\" \/><\/span> <\/label>\n\t\t\t<\/p>\n\t\t<\/td>\n\t<\/tr>\n\t<tr>\n\t\t<td>\n\t\t\t<p><label> Facturaci\u00f3n Anual:<br \/>\n<span class=\"wpcf7-form-control-wrap\" data-name=\"facturacion\"><input size=\"40\" maxlength=\"400\" class=\"wpcf7-form-control wpcf7-text\" aria-invalid=\"false\" value=\"\" type=\"text\" name=\"facturacion\" \/><\/span> <\/label>\n\t\t\t<\/p>\n\t\t<\/td>\n\t<\/tr>\n<\/table>\n<p><label> Descripci\u00f3n Empresa\/Marca:<br \/>\n<span class=\"wpcf7-form-control-wrap\" data-name=\"descripcion\"><textarea cols=\"40\" rows=\"10\" maxlength=\"2000\" class=\"wpcf7-form-control wpcf7-textarea\" aria-invalid=\"false\" placeholder=\"Descripci\u00f3n de su negocio\" name=\"descripcion\"><\/textarea><\/span><\/label><br \/>\n<label> Cu\u00e9ntanos m\u00e1s:<br \/>\n<span class=\"wpcf7-form-control-wrap\" data-name=\"Mensaje\"><textarea cols=\"40\" rows=\"10\" maxlength=\"2000\" class=\"wpcf7-form-control wpcf7-textarea\" aria-invalid=\"false\" placeholder=\"Si lo deseas puedes dejarnos informaci\u00f3n adicional\" name=\"Mensaje\"><\/textarea><\/span><\/label>\n<\/p>\n<p><label><span class=\"wpcf7-form-control-wrap\" data-name=\"acceptance-646\"><span class=\"wpcf7-form-control wpcf7-acceptance\"><span class=\"wpcf7-list-item\"><input type=\"checkbox\" name=\"acceptance-646\" value=\"1\" id=\"aceptaCondiciones\" aria-invalid=\"false\" \/><\/span><\/span><\/span>Acepto las <a href=\"\/lopd-y-politica-de-cookies\" >condiciones legales<\/a> y el tratamiento de datos de la web<\/label>\n<\/p>\n\n<p><input class=\"wpcf7-form-control wpcf7-submit has-spinner\" type=\"submit\" value=\"Enviar\" \/>\n<\/p><p style=\"display: none !important;\" class=\"akismet-fields-container\" data-prefix=\"_wpcf7_ak_\"><label>&#916;<textarea name=\"_wpcf7_ak_hp_textarea\" cols=\"45\" rows=\"8\" maxlength=\"100\"><\/textarea><\/label><input type=\"hidden\" id=\"ak_js_1\" name=\"_wpcf7_ak_js\" value=\"52\"\/><script type=\"text\/javascript\">\n\/* <![CDATA[ *\/\ndocument.getElementById( \"ak_js_1\" ).setAttribute( \"value\", ( new Date() ).getTime() );\n\/* ]]> *\/\n<\/script>\n<\/p><div class=\"wpcf7-response-output\" aria-hidden=\"true\"><\/div>\n<\/form>\n<\/div>\n[\/vc_column][vc_column width=\u00bb1\/2&#8243; offset=\u00bbvc_col-lg-offset-0 vc_col-lg-3 vc_col-xs-offset-1 vc_col-xs-10&#8243; css=\u00bb.vc_custom_1505764465160{padding-top: 50px !important;padding-left: 50px !important;}\u00bb][vc_column_text]<span style=\"font-size: 24px; color: #b17f4a;\">\u00bfSabes c\u00f3mo mandarnos tu cat\u00e1logo?<\/span><\/p>\n<p>Te mostramos la forma m\u00e1s sencilla de enviarnos todo el material gr\u00e1fico e informativo que necesitamos. Pulsa el siguiente bot\u00f3n para echar un vistazo[\/vc_column_text][mk_button dimension=\u00bbflat\u00bb size=\u00bblarge\u00bb icon=\u00bbmk-li-inbox\u00bb url=\u00bb\/es\/mandanos-catalogo-productos\/\u00bb target=\u00bb_blank\u00bb margin_top=\u00bb20&#8243; margin_right=\u00bb0&#8243; animation=\u00bbflip-x\u00bb]VER TUTORIAL[\/mk_button][\/vc_column][\/vc_row]\n<\/div>","protected":false},"excerpt":{"rendered":"<p>[vc_row fullwidth=\u00bbtrue\u00bb css=\u00bb.vc_custom_1505322410685{background: #f1e4e5 url(https:\/\/trendspridaren.com\/wp-content\/uploads\/2017\/09\/sliderlandsuec.jpg?id=753) !important;background-position: center !important;background-repeat: no-repeat !important;background-size: cover !important;}\u00bb][vc_column width=\u00bb1\/2&#8243; offset=\u00bbvc_col-lg-offset-1 vc_col-lg-5 vc_col-sm-offset-1 vc_col-xs-11&#8243; css=\u00bb.vc_custom_1505733248076{padding-top: 40px !important;padding-right: 50px !important;padding-bottom: 200px !important;}\u00bb][vc_column_text animation=\u00bbleft-to-right\u00bb] Exportemos tu marca de ropa al mercado internacional. Abret\u00e9 a otros mercados, exportando tus productos mediante nuestro\u00a0sistema de expansi\u00f3n. Contamos con una potente cartera de contactos\u00a0internacionales, Suecia, Noruega y Dinamarca [&hellip;]<\/p>\n","protected":false},"author":1,"featured_media":0,"parent":0,"menu_order":0,"comment_status":"closed","ping_status":"closed","template":"","meta":{"footnotes":""},"class_list":["post-749","page","type-page","status-publish","hentry"],"_links":{"self":[{"href":"https:\/\/trendspridaren.com\/es\/wp-json\/wp\/v2\/pages\/749"}],"collection":[{"href":"https:\/\/trendspridaren.com\/es\/wp-json\/wp\/v2\/pages"}],"about":[{"href":"https:\/\/trendspridaren.com\/es\/wp-json\/wp\/v2\/types\/page"}],"author":[{"embeddable":true,"href":"https:\/\/trendspridaren.com\/es\/wp-json\/wp\/v2\/users\/1"}],"replies":[{"embeddable":true,"href":"https:\/\/trendspridaren.com\/es\/wp-json\/wp\/v2\/comments?post=749"}],"version-history":[{"count":212,"href":"https:\/\/trendspridaren.com\/es\/wp-json\/wp\/v2\/pages\/749\/revisions"}],"predecessor-version":[{"id":4609,"href":"https:\/\/trendspridaren.com\/es\/wp-json\/wp\/v2\/pages\/749\/revisions\/4609"}],"wp:attachment":[{"href":"https:\/\/trendspridaren.com\/es\/wp-json\/wp\/v2\/media?parent=749"}],"curies":[{"name":"wp","href":"https:\/\/api.w.org\/{rel}","templated":true}]}}