{"id":1536,"date":"2017-03-21T21:28:34","date_gmt":"2017-03-21T21:28:34","guid":{"rendered":"https:\/\/trendspridaren.com\/home\/"},"modified":"2025-01-20T16:12:26","modified_gmt":"2025-01-20T16:12:26","slug":"konsultforetag-inom-modebranschen","status":"publish","type":"page","link":"https:\/\/trendspridaren.com\/sv\/","title":{"rendered":"Hem"},"content":{"rendered":"<div class=\"wpb-content-wrapper\">[vc_row fullwidth=&#8221;true&#8221; equal_columns=&#8221;true&#8221; attached=&#8221;true&#8221; css=&#8221;.vc_custom_1492552294826{padding-top: 50px !important;padding-bottom: 20px !important;background-image: url(http:\/\/trendspridaren.com\/wp-content\/uploads\/2017\/03\/subtle_white_feathers.png?id=133) !important;background-position: 0 0 !important;background-repeat: repeat !important;}&#8221;][vc_column width=&#8221;5\/6&#8243; offset=&#8221;vc_col-lg-offset-2 vc_col-lg-8 vc_col-md-offset-1 vc_col-md-10 vc_col-sm-offset-1 vc_col-xs-offset-1 vc_col-xs-10&#8243;][vc_column_text align=&#8221;center&#8221; css=&#8221;.vc_custom_1734026127696{margin-bottom: 0px !important;}&#8221;]\n<h1 style=\"font-size: 22px;\">Konsultf\u00f6retag specialiserat p\u00e5 h\u00e5llbar aff\u00e4rsutveckling och digitalisering inom modebranschen.<\/h1>\n<h2 style=\"font-size: 22px; text-transform: uppercase;\">Trendspridaren, vi revolutionerar trender.<\/h2>\n[\/vc_column_text][vc_column_text align=&#8221;center&#8221; css=&#8221;.vc_custom_1734042267732{margin-bottom: 0px !important;}&#8221;]Vi <strong> representerar modem\u00e4rken <\/strong> som delar v\u00e5r vision om en h\u00e5llbar och digitaliserad v\u00e4rld,<strong> med en b\u00e4ttre milj\u00f6 f\u00f6r alla.<\/strong> Genom att fr\u00e4mja r\u00e4ttvis handel skapar vi kontakter mellan yrkesverksamma med samma ideal och v\u00e4xer tillsammans f\u00f6r att \u00f6ka medvetenheten inom sektorn.[\/vc_column_text][\/vc_column][\/vc_row][vc_row fullwidth=&#8221;true&#8221; css=&#8221;.vc_custom_1495657121388{padding-top: 20px !important;padding-bottom: 50px !important;background-image: url(http:\/\/trendspridaren.com\/wp-content\/uploads\/2017\/03\/subtle_white_feathers.png?id=133) !important;background-position: 0 0 !important;background-repeat: repeat !important;}&#8221;][vc_column width=&#8221;5\/6&#8243; offset=&#8221;vc_col-lg-offset-0 vc_col-lg-4 vc_col-md-offset-1 vc_col-md-10 vc_col-sm-offset-1 vc_col-xs-offset-1 vc_col-xs-10&#8243; css=&#8221;.vc_custom_1495656528015{padding-right: 30px !important;padding-bottom: 30px !important;padding-left: 45px !important;}&#8221;][vc_icon type=&#8221;typicons&#8221; icon_typicons=&#8221;typcn typcn-scissors&#8221; color=&#8221;custom&#8221; size=&#8221;xl&#8221; align=&#8221;center&#8221; css_animation=&#8221;flipInX&#8221; custom_color=&#8221;#b07e49&#8243;][vc_column_text align=&#8221;center&#8221; css=&#8221;.vc_custom_1734037733114{margin-bottom: 0px !important;}&#8221;]\n<h3><strong>Distribution av mode<\/strong><\/h3>\n[\/vc_column_text][vc_column_text align=&#8221;center&#8221; css=&#8221;.vc_custom_1734038191123{margin-bottom: 0px !important;}&#8221;]Vi hj\u00e4lper dig att v\u00e4xa som varum\u00e4rke genom att skapa och samordna s\u00e4ljteam. Vi hanterar expansionsprojekt genom v\u00e5rt internationella kontaktn\u00e4t och e-handel.<\/p>\n<div><\/div>\n[\/vc_column_text][mk_button dimension=&#8221;flat&#8221; size=&#8221;medium&#8221; url=&#8221;\/sv\/om-oss\/&#8221; align=&#8221;center&#8221; animation=&#8221;fade-in&#8221;]OM OSS[\/mk_button][\/vc_column][vc_column width=&#8221;5\/6&#8243; offset=&#8221;vc_col-lg-offset-0 vc_col-lg-4 vc_col-sm-offset-1 vc_col-xs-offset-1 vc_col-xs-10&#8243; css=&#8221;.vc_custom_1495656537301{padding-right: 40px !important;padding-bottom: 30px !important;padding-left: 40px !important;}&#8221;][vc_icon type=&#8221;typicons&#8221; icon_typicons=&#8221;typcn typcn-heart-full-outline&#8221; color=&#8221;custom&#8221; size=&#8221;xl&#8221; align=&#8221;center&#8221; css_animation=&#8221;flipInX&#8221; custom_color=&#8221;#b07e49&#8243;][vc_column_text align=&#8221;center&#8221;]\n<h3><strong>G\u00e5 med<\/strong><\/h3>\n[\/vc_column_text][vc_column_text align=&#8221;center&#8221; css=&#8221;.vc_custom_1734037987517{margin-bottom: 0px !important;}&#8221;]G\u00e5 med i v\u00e5r grupp av yrkesverksamma inom textilsektorn. Butiker, distribut\u00f6rer, varum\u00e4rken, agenter och designers \u2013 vi hittar nya aff\u00e4rsm\u00f6jligheter f\u00f6r ditt varum\u00e4rke. Dra nytta av de f\u00f6rdelar vi erbjuder.[\/vc_column_text][mk_button dimension=&#8221;flat&#8221; size=&#8221;medium&#8221; url=&#8221;\/sv\/ga-med\/&#8221; align=&#8221;center&#8221; animation=&#8221;fade-in&#8221;]G\u00c5 MED NU[\/mk_button][\/vc_column][vc_column width=&#8221;5\/6&#8243; offset=&#8221;vc_col-lg-offset-0 vc_col-lg-4 vc_col-md-offset-1 vc_col-md-10 vc_col-sm-offset-1 vc_col-xs-offset-1 vc_col-xs-10&#8243; css=&#8221;.vc_custom_1495657042026{padding-right: 45px !important;padding-left: 30px !important;}&#8221;][vc_icon type=&#8221;typicons&#8221; icon_typicons=&#8221;typcn typcn-link-outline&#8221; color=&#8221;custom&#8221; size=&#8221;xl&#8221; align=&#8221;center&#8221; css_animation=&#8221;flipInX&#8221; custom_color=&#8221;#b07e49&#8243;][vc_column_text align=&#8221;center&#8221;]\n<h3><strong>Kontakt<\/strong><\/h3>\n[\/vc_column_text][vc_column_text align=&#8221;center&#8221; css=&#8221;.vc_custom_1734038151378{margin-bottom: 0px !important;}&#8221;]Kontakta oss s\u00e5 svarar vi p\u00e5 alla dina fr\u00e5gor. Vi vill l\u00e4ra k\u00e4nna dig och h\u00f6ra om dina projekt. Vi erbjuder de b\u00e4sta l\u00f6sningarna f\u00f6r att uppfylla dina m\u00e5l.[\/vc_column_text][mk_button dimension=&#8221;flat&#8221; size=&#8221;medium&#8221; url=&#8221;\/sv\/kontakt-oss\/&#8221; align=&#8221;center&#8221; animation=&#8221;fade-in&#8221;]KONTAKT[\/mk_button][\/vc_column][\/vc_row][vc_row fullwidth=&#8221;true&#8221; parallax=&#8221;content-moving&#8221; parallax_image=&#8221;4333&#8243; parallax_speed_bg=&#8221;1.8&#8243; css=&#8221;.vc_custom_1661361894584{padding-top: 100px !important;padding-bottom: 70px !important;}&#8221;][vc_column width=&#8221;5\/6&#8243; offset=&#8221;vc_col-lg-offset-1 vc_col-lg-7 vc_col-md-offset-1 vc_col-md-10 vc_col-sm-offset-1 vc_col-xs-offset-1 vc_col-xs-10&#8243;][vc_column_text animation=&#8221;left-to-right&#8221; css=&#8221;.vc_custom_1734039543034{margin-bottom: 0px !important;}&#8221;]\n<h3 style=\"font-size: 32px;\"><span style=\"color: #ffffff;\"><strong style=\"color: #ffffff;\">Fundera p\u00e5 att expandera i Europa?<\/strong><\/span><\/h3>\n<p><span style=\"color: #ffffff;\">Vi hj\u00e4lper dig att hitta l\u00f6sningar f\u00f6r att marknadsf\u00f6ra ditt modevarum\u00e4rke med skr\u00e4ddarsydda projekt. Vi ger dig r\u00e5d om hur du kan optimera dina internationella tj\u00e4nster ur ett h\u00e5llbart och effektivt perspektiv.<\/span>[\/vc_column_text][\/vc_column][vc_column width=&#8221;5\/6&#8243; offset=&#8221;vc_col-lg-offset-1 vc_col-lg-3 vc_col-md-offset-1 vc_col-md-10 vc_col-sm-offset-1 vc_col-xs-offset-1 vc_col-xs-10&#8243; css=&#8221;.vc_custom_1495657184998{padding-top: 15px !important;}&#8221;][mk_button dimension=&#8221;flat&#8221; size=&#8221;large&#8221; url=&#8221;\/sv\/ga-med\/&#8221; animation=&#8221;flip-x&#8221;]ANSLUTA[\/mk_button][\/vc_column][\/vc_row][vc_row fullwidth=&#8221;true&#8221; equal_columns=&#8221;true&#8221; attached=&#8221;true&#8221; css=&#8221;.vc_custom_1495657014528{padding-top: 50px !important;padding-bottom: 20px !important;background-image: url(http:\/\/trendspridaren.com\/wp-content\/uploads\/2017\/03\/perchasfondo.jpg?id=185) !important;background-position: center !important;background-repeat: no-repeat !important;background-size: cover !important;}&#8221;][vc_column width=&#8221;3\/4&#8243; offset=&#8221;vc_col-lg-offset-5 vc_col-lg-6 vc_col-md-offset-3 vc_col-md-8 vc_col-sm-offset-2 vc_col-xs-offset-1 vc_col-xs-10&#8243; css=&#8221;.vc_custom_1495656910993{padding-top: 100px !important;padding-bottom: 100px !important;}&#8221;][vc_column_text animation=&#8221;bottom-to-top&#8221; css=&#8221;.vc_custom_1734038419450{margin-bottom: 0px !important;}&#8221;]\n<h2 style=\"font-size: 34px; font-weight: bold; color: #b17f4a;\">Varf\u00f6r ska du v\u00e4lja oss?<\/h2>\n[\/vc_column_text][vc_column_text css=&#8221;.vc_custom_1734041116352{margin-bottom: 0px !important;}&#8221;]\n<p style=\"font-size: 24px;\">P\u00e5 Trendspridaren \u00e4gnar vi oss inte bara \u00e5t<strong> import och export,<\/strong> vi organisera \u00e4ven produktintroduktioner och expansioner f\u00f6r modetillverkare som \u00e4r intresserade av<strong> olika marknaden.<\/strong><\/p>\n<p>Efter <strong>ett \u00e5rtiondes arbete <\/strong> inom mode-industrin erbjuder vi kompetent och tillf\u00f6rlitlig r\u00e5dgivning.<\/p>\n<p>En av grundpelarna i Trendspridaren \u00e4r sociala n\u00e4tverk och specialiserade medarbetare team som st\u00e4ndigt optimerar informationen f\u00f6r att n\u00e5 ut till fler m\u00e4nniskor och m\u00f6jligheter.[\/vc_column_text][mk_button dimension=&#8221;flat&#8221; size=&#8221;large&#8221; url=&#8221;\/sv\/ga-med\/&#8221; margin_top=&#8221;30&#8243; animation=&#8221;flip-x&#8221;]ARBETA MED OSS[\/mk_button][\/vc_column][\/vc_row][vc_row fullwidth=&#8221;true&#8221;][vc_column width=&#8221;5\/6&#8243; css=&#8221;.vc_custom_1497384730173{padding-top: 50px !important;}&#8221; offset=&#8221;vc_col-lg-offset-1&#8243;][vc_column_text align=&#8221;center&#8221; animation=&#8221;bottom-to-top&#8221; css=&#8221;.vc_custom_1734041156470{margin-bottom: 0px !important;}&#8221;]\n<h3 style=\"font-size: 35px; color: #404040; font-weight: 600;\">Varum\u00e4rken<\/h3>\n[\/vc_column_text][vc_separator color=&#8221;custom&#8221; style=&#8221;dotted&#8221; border_width=&#8221;2&#8243; el_width=&#8221;20&#8243; accent_color=&#8221;#b17f4a&#8221;][vc_basic_grid post_type=&#8221;post&#8221; max_items=&#8221;-1&#8243; element_width=&#8221;3&#8243; gap=&#8221;35&#8243; item=&#8221;1328&#8243; css=&#8221;&#8221; grid_id=&#8221;vc_gid:1737389416226-513af9a8-b8e7-9&#8243; taxonomies=&#8221;4&#8243; exclude=&#8221;4560, 3085, 3083, 3084, 3986&#8243;][\/vc_column][\/vc_row][vc_row fullwidth=&#8221;true&#8221; parallax=&#8221;content-moving&#8221; parallax_image=&#8221;4328&#8243; parallax_speed_bg=&#8221;2&#8243; css=&#8221;.vc_custom_1661361909389{padding-top: 100px !important;padding-bottom: 70px !important;}&#8221;][vc_column width=&#8221;5\/6&#8243; offset=&#8221;vc_col-lg-offset-1 vc_col-lg-7 vc_col-md-offset-1 vc_col-md-10 vc_col-sm-offset-1 vc_col-xs-offset-1 vc_col-xs-10&#8243;][vc_column_text animation=&#8221;left-to-right&#8221; css=&#8221;.vc_custom_1734041637982{margin-bottom: 0px !important;}&#8221;]\n<h3 style=\"font-size: 32px;\"><span style=\"color: #ffffff;\"><strong style=\"color: #ffffff;\">P\u00e5 Trendspridaren \u00e4lskar vi nya trender.<\/strong><\/span><\/h3>\n<p><span style=\"color: #ffffff;\"> Vi \u00e4lskar ny teknik och \u00e4r specialiserade p\u00e5 digitalisering. Med innovativa marknadsf\u00f6ringsstrategier n\u00e5r vi m\u00e5lgrupper \u00f6ver hela v\u00e4rlden. Tillsammans med kompetenta partners inom onlinemarknadsf\u00f6ring hj\u00e4lper vi v\u00e5ra kunder att f\u00f6rst\u00e4rka sina varum\u00e4rken p\u00e5 Internet.<\/span>[\/vc_column_text][\/vc_column][vc_column width=&#8221;1\/3&#8243; offset=&#8221;vc_col-lg-offset-1 vc_col-lg-3 vc_col-md-offset-1 vc_col-md-10 vc_col-sm-offset-1 vc_col-xs-offset-1 vc_col-xs-10&#8243; css=&#8221;.vc_custom_1495657305527{padding-top: 15px !important;}&#8221;][mk_button dimension=&#8221;flat&#8221; size=&#8221;large&#8221; url=&#8221;\/sv\/om-oss\/&#8221; animation=&#8221;flip-x&#8221;]OM OSS[\/mk_button][\/vc_column][\/vc_row][vc_row fullwidth=&#8221;true&#8221; css=&#8221;.vc_custom_1503334606537{border-top-width: 2px !important;border-top-color: #eaeaea !important;border-top-style: dotted !important;}&#8221;][vc_column width=&#8221;5\/6&#8243; css=&#8221;.vc_custom_1517482334695{padding-top: 50px !important;}&#8221; offset=&#8221;vc_col-lg-offset-1 vc_hidden-lg vc_hidden-md vc_hidden-sm vc_hidden-xs&#8221;][vc_column_text align=&#8221;center&#8221; animation=&#8221;bottom-to-top&#8221;]\n<h3 style=\"font-size: 35px; color: #404040; font-weight: 600;\">V\u00e5ra designers<\/h3>\n[\/vc_column_text][vc_separator color=&#8221;custom&#8221; style=&#8221;dotted&#8221; border_width=&#8221;2&#8243; el_width=&#8221;20&#8243; accent_color=&#8221;#b17f4a&#8221;][vc_basic_grid post_type=&#8221;post&#8221; max_items=&#8221;-1&#8243; style=&#8221;load-more&#8221; element_width=&#8221;3&#8243; gap=&#8221;35&#8243; item=&#8221;489&#8243; btn_title=&#8221;VER TODAS&#8221; btn_shape=&#8221;square&#8221; btn_color=&#8221;chino&#8221; btn_align=&#8221;center&#8221; grid_id=&#8221;vc_gid:1737389416228-5cb53621-08e4-4&#8243; taxonomies=&#8221;14&#8243;][\/vc_column][\/vc_row][vc_row fullwidth=&#8221;true&#8221; css=&#8221;.vc_custom_1503334703491{padding-top: 100px !important;padding-bottom: 30px !important;background-color: #eaeaea !important;}&#8221;][vc_column width=&#8221;1\/2&#8243; offset=&#8221;vc_col-lg-offset-1 vc_col-lg-5 vc_col-md-offset-1 vc_col-md-10 vc_col-sm-offset-1 vc_col-xs-offset-1 vc_col-xs-10&#8243;][vc_column_text css=&#8221;.vc_custom_1734041954106{margin-bottom: 0px !important;}&#8221;]\n<h3 style=\"font-size: 36px; color: #b38451; font-weight: 600;\">Kontakta oss<\/h3>\n<p style=\"font-size: 22px;\">Skicka in dina uppgifter, s\u00e5 \u00e5terkommer vi till dig s\u00e5 snart som m\u00f6jligt.<\/p>\n[\/vc_column_text]\n<div class=\"wpcf7 no-js\" id=\"wpcf7-f2197-o1\" lang=\"es-ES\" dir=\"ltr\" data-wpcf7-id=\"2197\">\n<div class=\"screen-reader-response\"><p role=\"status\" aria-live=\"polite\" aria-atomic=\"true\"><\/p> <ul><\/ul><\/div>\n<form action=\"\/sv\/wp-json\/wp\/v2\/pages\/1536#wpcf7-f2197-o1\" method=\"post\" class=\"wpcf7-form init\" aria-label=\"Formulario de contacto\" novalidate=\"novalidate\" data-status=\"init\">\n<div style=\"display: none;\">\n<input type=\"hidden\" name=\"_wpcf7\" value=\"2197\" \/>\n<input type=\"hidden\" name=\"_wpcf7_version\" value=\"6.0.5\" \/>\n<input type=\"hidden\" name=\"_wpcf7_locale\" value=\"es_ES\" \/>\n<input type=\"hidden\" name=\"_wpcf7_unit_tag\" value=\"wpcf7-f2197-o1\" \/>\n<input type=\"hidden\" name=\"_wpcf7_container_post\" value=\"0\" \/>\n<input type=\"hidden\" name=\"_wpcf7_posted_data_hash\" value=\"\" \/>\n<input type=\"hidden\" name=\"_wpcf7_recaptcha_response\" value=\"\" \/>\n<\/div>\n<p><label> Namn*:<br \/>\n<span class=\"wpcf7-form-control-wrap\" data-name=\"nombre\"><input size=\"40\" maxlength=\"400\" class=\"wpcf7-form-control wpcf7-text wpcf7-validates-as-required\" aria-required=\"true\" aria-invalid=\"false\" value=\"\" type=\"text\" name=\"nombre\" \/><\/span> <\/label>\n<\/p>\n<p><label> F\u00f6retag \/ varum\u00e4rke:<br \/>\n<span class=\"wpcf7-form-control-wrap\" data-name=\"empresa\"><input size=\"40\" maxlength=\"400\" class=\"wpcf7-form-control wpcf7-text\" aria-invalid=\"false\" value=\"\" type=\"text\" name=\"empresa\" \/><\/span> <\/label>\n<\/p>\n<p><label> E-post*:<br \/>\n<span class=\"wpcf7-form-control-wrap\" data-name=\"correo\"><input size=\"40\" maxlength=\"400\" class=\"wpcf7-form-control wpcf7-email wpcf7-validates-as-required wpcf7-text wpcf7-validates-as-email\" aria-required=\"true\" aria-invalid=\"false\" value=\"\" type=\"email\" name=\"correo\" \/><\/span> <\/label>\n<\/p>\n<p><label> Telefon*:<br \/>\n<span class=\"wpcf7-form-control-wrap\" data-name=\"telefonos\"><input size=\"40\" maxlength=\"400\" class=\"wpcf7-form-control wpcf7-text wpcf7-validates-as-required\" aria-required=\"true\" aria-invalid=\"false\" value=\"\" type=\"text\" name=\"telefonos\" \/><\/span><\/label>\n<\/p>\n<p><label> Land*:<br \/>\n<span class=\"wpcf7-form-control-wrap\" data-name=\"pais\"><input size=\"40\" maxlength=\"400\" class=\"wpcf7-form-control wpcf7-text wpcf7-validates-as-required\" aria-required=\"true\" aria-invalid=\"false\" value=\"\" type=\"text\" name=\"pais\" \/><\/span> <\/label>\n<\/p>\n<p><label> Fr\u00e5ga oss:<br \/>\n<span class=\"wpcf7-form-control-wrap\" data-name=\"Mensaje\"><textarea cols=\"40\" rows=\"10\" maxlength=\"2000\" class=\"wpcf7-form-control wpcf7-textarea\" aria-invalid=\"false\" placeholder=\"Skriv g\u00e4rna din fr\u00e5ga ......\" name=\"Mensaje\"><\/textarea><\/span><\/label><br \/>\n<label><span class=\"wpcf7-form-control-wrap\" data-name=\"acceptance-646\"><span class=\"wpcf7-form-control wpcf7-acceptance\"><span class=\"wpcf7-list-item\"><input type=\"checkbox\" name=\"acceptance-646\" value=\"1\" id=\"aceptaCondiciones\" aria-invalid=\"false\" \/><\/span><\/span><\/span> Accepterar <a href=\"\/en\/lopd-and-cookies-policy\/\" >juridisk information <\/a> och sekretesspolicy.<\/label>\n<\/p>\n\n<p><input class=\"wpcf7-form-control wpcf7-submit has-spinner\" type=\"submit\" value=\"skicka\" \/>\n<\/p><p style=\"display: none !important;\" class=\"akismet-fields-container\" data-prefix=\"_wpcf7_ak_\"><label>&#916;<textarea name=\"_wpcf7_ak_hp_textarea\" cols=\"45\" rows=\"8\" maxlength=\"100\"><\/textarea><\/label><input type=\"hidden\" id=\"ak_js_1\" name=\"_wpcf7_ak_js\" value=\"229\"\/><script>document.getElementById( \"ak_js_1\" ).setAttribute( \"value\", ( new Date() ).getTime() );<\/script><\/p><div class=\"wpcf7-response-output\" aria-hidden=\"true\"><\/div>\n<\/form>\n<\/div>\n[\/vc_column][vc_column width=&#8221;5\/12&#8243; offset=&#8221;vc_col-lg-offset-1 vc_col-lg-4&#8243;][vc_column_text animation=&#8221;left-to-right&#8221;]\n<h3 style=\"font-size: 36px; color: #b38451; font-weight: 600;\">V\u00e5r team:<\/h3>\n[\/vc_column_text][mk_employees style=&#8221;boxed&#8221; column=&#8221;2&#8243; count=&#8221;-1&#8243; description=&#8221;false&#8221; animation=&#8221;fade-in&#8221;][\/vc_column][\/vc_row]\n<\/div>","protected":false},"excerpt":{"rendered":"<p>[vc_row fullwidth=&#8221;true&#8221; equal_columns=&#8221;true&#8221; attached=&#8221;true&#8221; css=&#8221;.vc_custom_1492552294826{padding-top: 50px !important;padding-bottom: 20px !important;background-image: url(http:\/\/trendspridaren.com\/wp-content\/uploads\/2017\/03\/subtle_white_feathers.png?id=133) !important;background-position: 0 0 !important;background-repeat: repeat !important;}&#8221;][vc_column width=&#8221;5\/6&#8243; offset=&#8221;vc_col-lg-offset-2 vc_col-lg-8 vc_col-md-offset-1 vc_col-md-10 vc_col-sm-offset-1 vc_col-xs-offset-1 vc_col-xs-10&#8243;][vc_column_text align=&#8221;center&#8221; css=&#8221;.vc_custom_1734026127696{margin-bottom: 0px !important;}&#8221;] Konsultf\u00f6retag specialiserat p\u00e5 h\u00e5llbar aff\u00e4rsutveckling och digitalisering inom modebranschen. Trendspridaren, vi revolutionerar trender. [\/vc_column_text][vc_column_text align=&#8221;center&#8221; css=&#8221;.vc_custom_1734042267732{margin-bottom: 0px !important;}&#8221;]Vi representerar modem\u00e4rken som delar v\u00e5r vision om en h\u00e5llbar [&hellip;]<\/p>\n","protected":false},"author":1,"featured_media":0,"parent":0,"menu_order":0,"comment_status":"closed","ping_status":"closed","template":"","meta":{"footnotes":""},"class_list":["post-1536","page","type-page","status-publish","hentry"],"_links":{"self":[{"href":"https:\/\/trendspridaren.com\/sv\/wp-json\/wp\/v2\/pages\/1536"}],"collection":[{"href":"https:\/\/trendspridaren.com\/sv\/wp-json\/wp\/v2\/pages"}],"about":[{"href":"https:\/\/trendspridaren.com\/sv\/wp-json\/wp\/v2\/types\/page"}],"author":[{"embeddable":true,"href":"https:\/\/trendspridaren.com\/sv\/wp-json\/wp\/v2\/users\/1"}],"replies":[{"embeddable":true,"href":"https:\/\/trendspridaren.com\/sv\/wp-json\/wp\/v2\/comments?post=1536"}],"version-history":[{"count":35,"href":"https:\/\/trendspridaren.com\/sv\/wp-json\/wp\/v2\/pages\/1536\/revisions"}],"predecessor-version":[{"id":4581,"href":"https:\/\/trendspridaren.com\/sv\/wp-json\/wp\/v2\/pages\/1536\/revisions\/4581"}],"wp:attachment":[{"href":"https:\/\/trendspridaren.com\/sv\/wp-json\/wp\/v2\/media?parent=1536"}],"curies":[{"name":"wp","href":"https:\/\/api.w.org\/{rel}","templated":true}]}}