{"id":1538,"date":"2017-06-06T14:30:28","date_gmt":"2017-06-06T14:30:28","guid":{"rendered":"https:\/\/trendspridaren.com\/brands\/"},"modified":"2025-01-02T10:45:29","modified_gmt":"2025-01-02T10:45:29","slug":"varumarken","status":"publish","type":"page","link":"https:\/\/trendspridaren.com\/sv\/varumarken\/","title":{"rendered":"Varum\u00e4rken"},"content":{"rendered":"<div class=\"wpb-content-wrapper\">[vc_row][vc_column css=&#8221;.vc_custom_1497284425539{padding-top: 80px !important;}&#8221;][vc_column_text align=&#8221;center&#8221; css=&#8221;.vc_custom_1735814724958{margin-bottom: 0px !important;}&#8221;]<span style=\"font-size: 22px;\">H\u00e4r hittar du en lista \u00f6ver m\u00e4rken som redan litar p\u00e5 oss.<br \/>\nVi hj\u00e4lpar ditt modem\u00e4rke att expandera p\u00e5 den europeiska marknaden och samtidigt hj\u00e4lpa svenska butiker att hitta nya och exklusiva m\u00e4rken.<strong>[\/vc_column_text][\/vc_column][\/vc_row][vc_row][vc_column][vc_basic_grid post_type=&#8221;post&#8221; max_items=&#8221;-1&#8243; element_width=&#8221;3&#8243; gap=&#8221;35&#8243; orderby=&#8221;ID&#8221; item=&#8221;489&#8243; css=&#8221;&#8221; grid_id=&#8221;vc_gid:1735814646670-36a38a45-7617-4&#8243; taxonomies=&#8221;6, 11, 7, 8, 12, 5, 9&#8243; exclude=&#8221;1145, 1547, 1146&#8243;][\/vc_column][\/vc_row]<\/strong><\/span><\/p>\n<\/div>","protected":false},"excerpt":{"rendered":"<p>[vc_row][vc_column css=&#8221;.vc_custom_1497284425539{padding-top: 80px !important;}&#8221;][vc_column_text align=&#8221;center&#8221; css=&#8221;.vc_custom_1735814724958{margin-bottom: 0px !important;}&#8221;]H\u00e4r hittar du en lista \u00f6ver m\u00e4rken som redan litar p\u00e5 oss. Vi hj\u00e4lpar ditt modem\u00e4rke att expandera p\u00e5 den europeiska marknaden och samtidigt hj\u00e4lpa svenska butiker att hitta nya och exklusiva m\u00e4rken.[\/vc_column_text][\/vc_column][\/vc_row][vc_row][vc_column][vc_basic_grid post_type=&#8221;post&#8221; max_items=&#8221;-1&#8243; element_width=&#8221;3&#8243; gap=&#8221;35&#8243; orderby=&#8221;ID&#8221; item=&#8221;489&#8243; css=&#8221;&#8221; grid_id=&#8221;vc_gid:1735814646670-36a38a45-7617-4&#8243; taxonomies=&#8221;6, 11, 7, 8, 12, 5, 9&#8243; [&hellip;]<\/p>\n","protected":false},"author":1,"featured_media":0,"parent":0,"menu_order":0,"comment_status":"closed","ping_status":"closed","template":"","meta":{"footnotes":""},"class_list":["post-1538","page","type-page","status-publish","hentry"],"_links":{"self":[{"href":"https:\/\/trendspridaren.com\/sv\/wp-json\/wp\/v2\/pages\/1538"}],"collection":[{"href":"https:\/\/trendspridaren.com\/sv\/wp-json\/wp\/v2\/pages"}],"about":[{"href":"https:\/\/trendspridaren.com\/sv\/wp-json\/wp\/v2\/types\/page"}],"author":[{"embeddable":true,"href":"https:\/\/trendspridaren.com\/sv\/wp-json\/wp\/v2\/users\/1"}],"replies":[{"embeddable":true,"href":"https:\/\/trendspridaren.com\/sv\/wp-json\/wp\/v2\/comments?post=1538"}],"version-history":[{"count":8,"href":"https:\/\/trendspridaren.com\/sv\/wp-json\/wp\/v2\/pages\/1538\/revisions"}],"predecessor-version":[{"id":4531,"href":"https:\/\/trendspridaren.com\/sv\/wp-json\/wp\/v2\/pages\/1538\/revisions\/4531"}],"wp:attachment":[{"href":"https:\/\/trendspridaren.com\/sv\/wp-json\/wp\/v2\/media?parent=1538"}],"curies":[{"name":"wp","href":"https:\/\/api.w.org\/{rel}","templated":true}]}}