{"id":1540,"date":"2017-03-24T12:10:42","date_gmt":"2017-03-24T12:10:42","guid":{"rendered":"https:\/\/trendspridaren.com\/join-us\/"},"modified":"2024-12-12T16:40:56","modified_gmt":"2024-12-12T16:40:56","slug":"ga-med","status":"publish","type":"page","link":"https:\/\/trendspridaren.com\/sv\/ga-med\/","title":{"rendered":"G\u00e5 med oss"},"content":{"rendered":"<div class=\"wpb-content-wrapper\">[vc_row fullwidth=&#8221;true&#8221; equal_columns=&#8221;true&#8221; css=&#8221;.vc_custom_1495051653233{margin-left: 0px !important;padding-bottom: 80px !important;background-color: #dee3df !important;}&#8221;][vc_column visibility=&#8221;hidden-sm&#8221; width=&#8221;1\/3&#8243; css=&#8221;.vc_custom_1495052452000{margin-left: 0px !important;padding-left: 0px !important;background-position: center !important;background-repeat: no-repeat !important;background-size: cover !important;}&#8221;][mk_image src=&#8221;http:\/\/trendspridaren.com\/wp-content\/uploads\/2017\/03\/fondounete4.jpg&#8221; image_size=&#8221;full&#8221; animation=&#8221;left-to-right&#8221;][\/vc_column][vc_column width=&#8221;7\/12&#8243; css=&#8221;.vc_custom_1495049439841{padding-top: 70px !important;}&#8221;][vc_column_text]\n<h1>G\u00e5 med i v\u00e5r grupp:<\/h1>\n<h2>Vi arbetar med allt inom textilindustri. Trendspridaren best\u00e5r av en grupp professionella som hj\u00e4lper dig i din internationella expansion.<\/h2>\n<p>P\u00e5 Trendspridaren tror vi starkt p\u00e5 samarbetet mellan olika sektorer inom samma marknad och att det avsev\u00e4rt f\u00f6rb\u00e4ttrar produkten och servicen.<\/p>\n<p>Vi \u00e4r \u00f6vertygade om att v\u00e5r policy om h\u00e5llbarhet och milj\u00f6engagemang \u00e4r den r\u00e4tta v\u00e4gen f\u00f6r en b\u00e4ttre framtid f\u00f6r textilindustrin. V\u00e5r breda kunskap om branschen erbjuder v\u00e5ra medarbetare m\u00e5nga m\u00f6jligheter:[\/vc_column_text][vc_row_inner css=&#8221;.vc_custom_1495051573360{padding-top: 20px !important;}&#8221;][vc_column_inner width=&#8221;1\/2&#8243;][mk_custom_list animation=&#8221;fade-in&#8221;]\n<ul style=\"margin: 0px 0 18px 10px; padding: 0 0 0 21px; line-height: 28px!important; font-size: 17px;\">\n<li><strong> Vi distribuerar exklusiva m\u00e4rken och koordinerar s\u00e4ljarteam. <\/strong> Vi anv\u00e4nder v\u00e5r portf\u00f6lj av samarbetspartners f\u00f6r att ge r\u00e5d och hantera olika sorts f\u00f6rb\u00e4ttringar inom sektorn.<\/li>\n<\/ul>\n[\/mk_custom_list][mk_custom_list animation=&#8221;fade-in&#8221;]\n<ul style=\"margin: 0px 0 18px 10px; padding: 0 0 0 21px; line-height: 28px!important; font-size: 17px;\">\n<li><strong> Vi sk\u00f6ter marketing-kampanjer<\/strong> online p\u00e5 internationell niv\u00e5 i samarbete med bloggare och community manager agenturer.<strong> Vi har ocks\u00e5 ett designerteam.<\/strong><\/li>\n<\/ul>\n[\/mk_custom_list][\/vc_column_inner][vc_column_inner width=&#8221;1\/2&#8243;][mk_custom_list animation=&#8221;fade-in&#8221;]\n<ul style=\"margin: 0px 0 18px 10px; padding: 0 0 0 21px; line-height: 28px!important; font-size: 17px;\">\n<li><strong> Vi ger r\u00e5d och hanterar expansionsprojekt genom v\u00e5rt internationella n\u00e4t.<\/strong> Vi hj\u00e4lper dig ocks\u00e5 med interi\u00f6rsm\u00f6bler och inredning av skyltf\u00f6nster i samarbete med tillverkarna.<\/li>\n<\/ul>\n[\/mk_custom_list][mk_custom_list animation=&#8221;fade-in&#8221;]\n<ul style=\"margin: 0px 0 18px 10px; padding: 0 0 0 21px; line-height: 28px!important; font-size: 17px;\">\n<li>Vi distribuerar textil material och f\u00f6rmedlar tillverkning av textilvaror, skor och r\u00e5varor. <strong>Alltid engagerade i ekologiskt och h\u00e5llbart mode.<\/strong><\/li>\n<\/ul>\n[\/mk_custom_list][\/vc_column_inner][\/vc_row_inner][mk_button dimension=&#8221;flat&#8221; size=&#8221;large&#8221; icon=&#8221;mk-li-tshirt&#8221; url=&#8221;#unete&#8221; align=&#8221;center&#8221; animation=&#8221;flip-x&#8221;]JAG VILL G\u00c5 MED I TRENDSPRIDAREN[\/mk_button][\/vc_column][\/vc_row][vc_row fullwidth=&#8221;true&#8221; id=&#8221;unete&#8221; css=&#8221;.vc_custom_1495052221934{padding-top: 80px !important;background-image: url(http:\/\/trendspridaren.com\/wp-content\/uploads\/2017\/03\/subtle_white_feathers.png?id=133) !important;background-position: 0 0 !important;background-repeat: repeat !important;}&#8221;][vc_column width=&#8221;5\/6&#8243; offset=&#8221;vc_col-lg-offset-1 vc_col-lg-10&#8243;][vc_column_text]\n<h1>G\u00e5 med<\/h1>\n<p><span style=\"font-size: 27px;\"> Fyll i formul\u00e4ret med uppgifter om ditt f\u00f6retag s\u00e5 tar vi kontakt med dig snarast m\u00f6jligt.<\/span>[\/vc_column_text][vc_message message_box_color=&#8221;warning&#8221;]We advise that the more data that can be displayed on the web the <strong>greater the trust of potential international clients.<\/strong>[\/vc_message]\n<div class=\"wpcf7 no-js\" id=\"wpcf7-f1661-o1\" lang=\"es-ES\" dir=\"ltr\" data-wpcf7-id=\"1661\">\n<div class=\"screen-reader-response\"><p role=\"status\" aria-live=\"polite\" aria-atomic=\"true\"><\/p> <ul><\/ul><\/div>\n<form action=\"\/sv\/wp-json\/wp\/v2\/pages\/1540#wpcf7-f1661-o1\" method=\"post\" class=\"wpcf7-form init\" aria-label=\"Formulario de contacto\" novalidate=\"novalidate\" data-status=\"init\">\n<div style=\"display: none;\">\n<input type=\"hidden\" name=\"_wpcf7\" value=\"1661\" \/>\n<input type=\"hidden\" name=\"_wpcf7_version\" value=\"6.0.5\" \/>\n<input type=\"hidden\" name=\"_wpcf7_locale\" value=\"es_ES\" \/>\n<input type=\"hidden\" name=\"_wpcf7_unit_tag\" value=\"wpcf7-f1661-o1\" \/>\n<input type=\"hidden\" name=\"_wpcf7_container_post\" value=\"0\" \/>\n<input type=\"hidden\" name=\"_wpcf7_posted_data_hash\" value=\"\" \/>\n<input type=\"hidden\" name=\"_wpcf7_recaptcha_response\" value=\"\" \/>\n<\/div>\n<table>\n\t<tr>\n\t\t<td>\n\t\t\t<p><label> Contact Person*:<br \/>\n<span class=\"wpcf7-form-control-wrap\" data-name=\"nombre\"><input size=\"40\" maxlength=\"400\" class=\"wpcf7-form-control wpcf7-text wpcf7-validates-as-required\" aria-required=\"true\" aria-invalid=\"false\" value=\"\" type=\"text\" name=\"nombre\" \/><\/span> <\/label>\n\t\t\t<\/p>\n\t\t<\/td>\n\t\t<td>\n\t\t\t<p><label> Company \/ Brand:<br \/>\n<span class=\"wpcf7-form-control-wrap\" data-name=\"empresa\"><input size=\"40\" maxlength=\"400\" class=\"wpcf7-form-control wpcf7-text\" aria-invalid=\"false\" value=\"\" type=\"text\" name=\"empresa\" \/><\/span> <\/label>\n\t\t\t<\/p>\n\t\t<\/td>\n\t<\/tr>\n\t<tr>\n\t\t<td>\n\t\t\t<p><label> UTR\/VAT:<br \/>\n<span class=\"wpcf7-form-control-wrap\" data-name=\"cif\"><input size=\"40\" maxlength=\"400\" class=\"wpcf7-form-control wpcf7-text\" aria-invalid=\"false\" value=\"\" type=\"text\" name=\"cif\" \/><\/span> <\/label>\n\t\t\t<\/p>\n\t\t<\/td>\n\t\t<td>\n\t\t\t<p><label> Email address*:<br \/>\n<span class=\"wpcf7-form-control-wrap\" data-name=\"correo\"><input size=\"40\" maxlength=\"400\" class=\"wpcf7-form-control wpcf7-email wpcf7-validates-as-required wpcf7-text wpcf7-validates-as-email\" aria-required=\"true\" aria-invalid=\"false\" value=\"\" type=\"email\" name=\"correo\" \/><\/span> <\/label>\n\t\t\t<\/p>\n\t\t<\/td>\n\t<\/tr>\n\t<tr>\n\t\t<td>\n\t\t\t<p><label> Company Email:<br \/>\n<span class=\"wpcf7-form-control-wrap\" data-name=\"correocomercial\"><input size=\"40\" maxlength=\"400\" class=\"wpcf7-form-control wpcf7-email wpcf7-text wpcf7-validates-as-email\" aria-invalid=\"false\" value=\"\" type=\"email\" name=\"correocomercial\" \/><\/span> <\/label>\n\t\t\t<\/p>\n\t\t<\/td>\n\t\t<td>\n\t\t\t<p><label> Age of Company \/ Brand:<br \/>\n<span class=\"wpcf7-form-control-wrap\" data-name=\"anoapertura\"><input size=\"40\" maxlength=\"400\" class=\"wpcf7-form-control wpcf7-text\" aria-invalid=\"false\" value=\"\" type=\"text\" name=\"anoapertura\" \/><\/span> <\/label>\n\t\t\t<\/p>\n\t\t<\/td>\n\t<\/tr>\n\t<tr>\n\t\t<td>\n\t\t\t<p><label> Contact Phone*:<br \/>\n<span class=\"wpcf7-form-control-wrap\" data-name=\"telefonos\"><input size=\"40\" maxlength=\"400\" class=\"wpcf7-form-control wpcf7-text wpcf7-validates-as-required\" aria-required=\"true\" aria-invalid=\"false\" value=\"\" type=\"text\" name=\"telefonos\" \/><\/span><\/label>\n\t\t\t<\/p>\n\t\t<\/td>\n\t\t<td>\n\t\t\t<p><label>Comercial Contact Phone:<br \/>\n<span class=\"wpcf7-form-control-wrap\" data-name=\"telefonoComercial\"><input size=\"40\" maxlength=\"400\" class=\"wpcf7-form-control wpcf7-text\" aria-invalid=\"false\" value=\"\" type=\"text\" name=\"telefonoComercial\" \/><\/span><\/label>\n\t\t\t<\/p>\n\t\t<\/td>\n\t<\/tr>\n\t<tr>\n\t\t<td>\n\t\t\t<p><label> Fiscal address*:<br \/>\n<span class=\"wpcf7-form-control-wrap\" data-name=\"direccion\"><input size=\"40\" maxlength=\"400\" class=\"wpcf7-form-control wpcf7-text wpcf7-validates-as-required\" aria-required=\"true\" aria-invalid=\"false\" value=\"\" type=\"text\" name=\"direccion\" \/><\/span> <\/label>\n\t\t\t<\/p>\n\t\t<\/td>\n\t\t<td>\n\t\t\t<p><label> Factory Address:<br \/>\n<span class=\"wpcf7-form-control-wrap\" data-name=\"direccionFabrica\"><input size=\"40\" maxlength=\"400\" class=\"wpcf7-form-control wpcf7-text\" aria-invalid=\"false\" value=\"\" type=\"text\" name=\"direccionFabrica\" \/><\/span> <\/label>\n\t\t\t<\/p>\n\t\t<\/td>\n\t<\/tr>\n\t<tr>\n\t\t<td>\n\t\t\t<p><label> City:<br \/>\n<span class=\"wpcf7-form-control-wrap\" data-name=\"ciudad\"><input size=\"40\" maxlength=\"400\" class=\"wpcf7-form-control wpcf7-text\" aria-invalid=\"false\" value=\"\" type=\"text\" name=\"ciudad\" \/><\/span> <\/label>\n\t\t\t<\/p>\n\t\t<\/td>\n\t\t<td>\n\t\t\t<p><label> Province:<br \/>\n<span class=\"wpcf7-form-control-wrap\" data-name=\"provincia\"><input size=\"40\" maxlength=\"400\" class=\"wpcf7-form-control wpcf7-text\" aria-invalid=\"false\" value=\"\" type=\"text\" name=\"provincia\" \/><\/span> <\/label>\n\t\t\t<\/p>\n\t\t<\/td>\n\t<\/tr>\n\t<tr>\n\t\t<td>\n\t\t\t<p><label> Country*:<br \/>\n<span class=\"wpcf7-form-control-wrap\" data-name=\"pais\"><input size=\"40\" maxlength=\"400\" class=\"wpcf7-form-control wpcf7-text wpcf7-validates-as-required\" aria-required=\"true\" aria-invalid=\"false\" value=\"\" type=\"text\" name=\"pais\" \/><\/span> <\/label>\n\t\t\t<\/p>\n\t\t<\/td>\n\t\t<td>\n\t\t\t<p><label> How many employers are you?<br \/>\n<span class=\"wpcf7-form-control-wrap\" data-name=\"numerotrabajadores\"><input size=\"40\" maxlength=\"400\" class=\"wpcf7-form-control wpcf7-text\" aria-invalid=\"false\" value=\"\" type=\"text\" name=\"numerotrabajadores\" \/><\/span> <\/label>\n\t\t\t<\/p>\n\t\t<\/td>\n\t<\/tr>\n\t<tr>\n\t\t<td>\n\t\t\t<p><label>Annual turnover:<br \/>\n<span class=\"wpcf7-form-control-wrap\" data-name=\"facturacion\"><input size=\"40\" maxlength=\"400\" class=\"wpcf7-form-control wpcf7-text\" aria-invalid=\"false\" value=\"\" type=\"text\" name=\"facturacion\" \/><\/span> <\/label>\n\t\t\t<\/p>\n\t\t<\/td>\n\t<\/tr>\n<\/table>\n<p><label> Description Company \/ Brand:<br \/>\n<span class=\"wpcf7-form-control-wrap\" data-name=\"descripcion\"><textarea cols=\"40\" rows=\"10\" maxlength=\"2000\" class=\"wpcf7-form-control wpcf7-textarea\" aria-invalid=\"false\" placeholder=\"Description of your business\" name=\"descripcion\"><\/textarea><\/span><\/label><br \/>\n<label> Tell us more:<br \/>\n<span class=\"wpcf7-form-control-wrap\" data-name=\"Mensaje\"><textarea cols=\"40\" rows=\"10\" maxlength=\"2000\" class=\"wpcf7-form-control wpcf7-textarea\" aria-invalid=\"false\" placeholder=\"If you want you can leave us additional information\" name=\"Mensaje\"><\/textarea><\/span><\/label><br \/>\n<label><span class=\"wpcf7-form-control-wrap\" data-name=\"acceptance-646\"><span class=\"wpcf7-form-control wpcf7-acceptance\"><span class=\"wpcf7-list-item\"><input type=\"checkbox\" name=\"acceptance-646\" value=\"1\" id=\"aceptaCondiciones\" aria-invalid=\"false\" \/><\/span><\/span><\/span>Accept the <a href=\"\/en\/lopd-and-cookies-policy\/\" >general conditions<\/a> and the data protection<\/label>\n<\/p>\n\n<p><input class=\"wpcf7-form-control wpcf7-submit has-spinner\" type=\"submit\" value=\"Enviar\" \/>\n<\/p><p style=\"display: none !important;\" class=\"akismet-fields-container\" data-prefix=\"_wpcf7_ak_\"><label>&#916;<textarea name=\"_wpcf7_ak_hp_textarea\" cols=\"45\" rows=\"8\" maxlength=\"100\"><\/textarea><\/label><input type=\"hidden\" id=\"ak_js_1\" name=\"_wpcf7_ak_js\" value=\"207\"\/><script type=\"text\/javascript\">\n\/* <![CDATA[ *\/\ndocument.getElementById( \"ak_js_1\" ).setAttribute( \"value\", ( new Date() ).getTime() );\n\/* ]]> *\/\n<\/script>\n<\/p><div class=\"wpcf7-response-output\" aria-hidden=\"true\"><\/div>\n<\/form>\n<\/div>\n[\/vc_column][\/vc_row]\n<\/div>","protected":false},"excerpt":{"rendered":"<p>[vc_row fullwidth=&#8221;true&#8221; equal_columns=&#8221;true&#8221; css=&#8221;.vc_custom_1495051653233{margin-left: 0px !important;padding-bottom: 80px !important;background-color: #dee3df !important;}&#8221;][vc_column visibility=&#8221;hidden-sm&#8221; width=&#8221;1\/3&#8243; css=&#8221;.vc_custom_1495052452000{margin-left: 0px !important;padding-left: 0px !important;background-position: center !important;background-repeat: no-repeat !important;background-size: cover !important;}&#8221;][mk_image src=&#8221;http:\/\/trendspridaren.com\/wp-content\/uploads\/2017\/03\/fondounete4.jpg&#8221; image_size=&#8221;full&#8221; animation=&#8221;left-to-right&#8221;][\/vc_column][vc_column width=&#8221;7\/12&#8243; css=&#8221;.vc_custom_1495049439841{padding-top: 70px !important;}&#8221;][vc_column_text] G\u00e5 med i v\u00e5r grupp: Vi arbetar med allt inom textilindustri. Trendspridaren best\u00e5r av en grupp professionella som hj\u00e4lper dig i din internationella expansion. P\u00e5 [&hellip;]<\/p>\n","protected":false},"author":1,"featured_media":0,"parent":0,"menu_order":0,"comment_status":"closed","ping_status":"closed","template":"","meta":{"footnotes":""},"class_list":["post-1540","page","type-page","status-publish","hentry"],"_links":{"self":[{"href":"https:\/\/trendspridaren.com\/sv\/wp-json\/wp\/v2\/pages\/1540"}],"collection":[{"href":"https:\/\/trendspridaren.com\/sv\/wp-json\/wp\/v2\/pages"}],"about":[{"href":"https:\/\/trendspridaren.com\/sv\/wp-json\/wp\/v2\/types\/page"}],"author":[{"embeddable":true,"href":"https:\/\/trendspridaren.com\/sv\/wp-json\/wp\/v2\/users\/1"}],"replies":[{"embeddable":true,"href":"https:\/\/trendspridaren.com\/sv\/wp-json\/wp\/v2\/comments?post=1540"}],"version-history":[{"count":9,"href":"https:\/\/trendspridaren.com\/sv\/wp-json\/wp\/v2\/pages\/1540\/revisions"}],"predecessor-version":[{"id":4364,"href":"https:\/\/trendspridaren.com\/sv\/wp-json\/wp\/v2\/pages\/1540\/revisions\/4364"}],"wp:attachment":[{"href":"https:\/\/trendspridaren.com\/sv\/wp-json\/wp\/v2\/media?parent=1540"}],"curies":[{"name":"wp","href":"https:\/\/api.w.org\/{rel}","templated":true}]}}