{"id":1541,"date":"2018-01-30T22:07:06","date_gmt":"2018-01-30T22:07:06","guid":{"rendered":"https:\/\/trendspridaren.com\/showroom-in-sweden\/"},"modified":"2025-01-03T11:37:01","modified_gmt":"2025-01-03T11:37:01","slug":"besoka-oss-trendspridaren-showroom","status":"publish","type":"page","link":"https:\/\/trendspridaren.com\/sv\/besoka-oss-trendspridaren-showroom\/","title":{"rendered":"Showroom"},"content":{"rendered":"<div class=\"wpb-content-wrapper\">[vc_row fullwidth=&#8221;true&#8221; css=&#8221;.vc_custom_1518111801968{padding-bottom: 50px !important;background-image: url(https:\/\/trendspridaren.com\/wp-content\/uploads\/2018\/01\/curls.png?id=1381) !important;background-position: 0 0 !important;background-repeat: repeat !important;}&#8221;][vc_column width=&#8221;5\/6&#8243; offset=&#8221;vc_col-lg-offset-1 vc_col-lg-10 vc_col-md-offset-1 vc_col-md-10 vc_col-sm-offset-1 vc_col-xs-offset-1 vc_col-xs-10&#8243; css=&#8221;.vc_custom_1517867944617{padding-top: 50px !important;}&#8221;][vc_column_text css=&#8221;.vc_custom_1734043985294{margin-bottom: 0px !important;}&#8221;]\n<h1><span style=\"color: #ffffff;\">TRENDSPRIDAREN SHOWROOM<\/span><\/h1>\n<h2><span style=\"color: #ffffff;\">Hitta oss p\u00e5 Norrmalm i hj\u00e4rtat av Stockholm<\/span><\/h2>\n<p><span style=\"color: #ffffff;\">Efter flera marknadsunders\u00f6kningar har Trendspridarens R&amp;D-team kommit fram till flera slutsatser om hur man kan f\u00e5 b\u00e4ttre och st\u00f6rre genomslag f\u00f6r sina varum\u00e4rken som finns representerade i Sverige. Efter ett omfattande urvalsarbete har vi valt den perfekta platsen f\u00f6r v\u00e5rt showroom och m\u00f6tescenter. Drottninggatan (Stockholm) \u00e4r en av de mest centrala och emblematiska gatorna i den skandinaviska huvudstaden.<\/span><br \/>\n[\/vc_column_text][mk_button dimension=&#8221;flat&#8221; size=&#8221;large&#8221; icon=&#8221;mk-li-tshirt&#8221; url=&#8221;#unete&#8221; btn_hover_bg=&#8221;#af8e62&#8243; btn_hover_txt_color=&#8221;#ffffff&#8221;]BES\u00d6KA OSS[\/mk_button][\/vc_column][\/vc_row][vc_row fullwidth=&#8221;true&#8221; equal_columns=&#8221;true&#8221; css=&#8221;.vc_custom_1517430794484{margin-left: 0px !important;padding-bottom: 80px !important;background: #dee3df url(https:\/\/trendspridaren.com\/wp-content\/uploads\/2018\/01\/fondoshowrrom.jpg?id=1283) !important;background-position: center !important;background-repeat: no-repeat !important;background-size: cover !important;}&#8221;][vc_column width=&#8221;5\/6&#8243; css=&#8221;.vc_custom_1517430823310{padding-top: 70px !important;}&#8221; offset=&#8221;vc_col-lg-offset-1 vc_col-lg-10 vc_col-sm-offset-1 vc_col-xs-offset-1 vc_col-xs-10&#8243;][vc_column_text]\n<h2 style=\"text-align: center;\">F\u00d6RDELAR:<\/h2>\n[\/vc_column_text][vc_row_inner css=&#8221;.vc_custom_1495051573360{padding-top: 20px !important;}&#8221;][vc_column_inner width=&#8221;1\/2&#8243;][mk_custom_list title=&#8221;S\u00c4KERHET:&#8221; animation=&#8221;fade-in&#8221;]\n<ul style=\"margin: 0px 0 18px 10px; padding: 0 0 0 21px; line-height: 28px!important; font-size: 17px;\">\n<li><strong>V\u00e5r kontor ligger hos ICEX,<\/strong> en avdelning inom Spanska Ambassaden, med syftet att erbjuda mer trygghet och s\u00e4kerhet f\u00f6r v\u00e5ra kunder. P\u00e5 s\u00e5 s\u00e4tt kan Trendspridaren ocks\u00e5 ge sig tillk\u00e4nna i Sverige <strong>med en konsoliderad oficiell support.<\/strong><\/li>\n<\/ul>\n[\/mk_custom_list][mk_custom_list title=&#8221;BEHANDLING:&#8221; animation=&#8221;fade-in&#8221;]\n<ul style=\"margin: 0px 0 18px 10px; padding: 0 0 0 21px; line-height: 28px!important; font-size: 17px;\">\n<li>Nya teknologier har direkt inflytande p\u00e5 aff\u00e4rer, men vi ville inte f\u00f6rlora den personliga kontakten med <strong>v\u00e5ra kunder och partners. <\/strong>S\u00e5 vi satsade p\u00e5 en m\u00f6tesplats d\u00e4r vi kan erbjuda den b\u00e4sta exklusiva service.<\/li>\n<\/ul>\n[\/mk_custom_list][\/vc_column_inner][vc_column_inner width=&#8221;1\/2&#8243;][mk_custom_list title=&#8221;PLATS:&#8221; animation=&#8221;fade-in&#8221;]\n<ul style=\"margin: 0px 0 18px 10px; padding: 0 0 0 21px; line-height: 28px!important; font-size: 17px;\">\n<li><strong> Drottninggatan \u00e4r en av Stockholms mest k\u00e4nda gatan,<\/strong> fullt av aff\u00e4rer och bra kommunikationer. V\u00e4ldigt n\u00e4ra till Centralstationen och T-Centralen, \u00e4r det en perfekt plats f\u00f6r att ta emot v\u00e5ra kunder.<\/li>\n<\/ul>\n[\/mk_custom_list][mk_custom_list title=&#8221;IMAGE:&#8221; animation=&#8221;fade-in&#8221;]\n<ul style=\"margin: 0px 0 18px 10px; padding: 0 0 0 21px; line-height: 28px!important; font-size: 17px;\">\n<li><strong> Vi \u00e4r vad vi representerar och representerar vad vi \u00e4r.<\/strong> Image \u00e4r en grundl\u00e4ggande del av v\u00e5rt aff\u00e4rskoncept. Vi tar hand om alla detaljer f\u00f6r att erbjuda v\u00e5ra kunder de b\u00e4sta mode m\u00e4rkena i en attraktiv milj\u00f6.<\/li>\n<\/ul>\n[\/mk_custom_list][\/vc_column_inner][\/vc_row_inner][vc_row_inner][vc_column_inner][mk_button dimension=&#8221;flat&#8221; size=&#8221;large&#8221; icon=&#8221;mk-li-tshirt&#8221; url=&#8221;#unete&#8221; align=&#8221;center&#8221; btn_hover_bg=&#8221;#af8e62&#8243; btn_hover_txt_color=&#8221;#ffffff&#8221;]BOKA TID[\/mk_button][\/vc_column_inner][\/vc_row_inner][\/vc_column][\/vc_row][vc_row fullwidth=&#8221;true&#8221;][vc_column][mk_gallery images=&#8221;2342,2336,2333,2330,2327,2324,2321,2318,2315,2251&#8243; column=&#8221;5&#8243; height=&#8221;150&#8243; item_spacing=&#8221;0&#8243; margin_bottom=&#8221;0&#8243; orderby=&#8221;rand&#8221;][\/vc_column][\/vc_row][vc_row fullwidth=&#8221;true&#8221; id=&#8221;unete&#8221; css=&#8221;.vc_custom_1495052221934{padding-top: 80px !important;background-image: url(http:\/\/trendspridaren.com\/wp-content\/uploads\/2017\/03\/subtle_white_feathers.png?id=133) !important;background-position: 0 0 !important;background-repeat: repeat !important;}&#8221;][vc_column width=&#8221;5\/6&#8243; offset=&#8221;vc_col-lg-offset-1 vc_col-lg-10 vc_col-md-offset-1 vc_col-md-10 vc_col-sm-offset-1 vc_col-xs-offset-1 vc_col-xs-10&#8243;][vc_column_text css=&#8221;.vc_custom_1734043168710{margin-bottom: 0px !important;}&#8221;]\n<h2>Boka tid f\u00f6r bes\u00f6k<\/h2>\n<p><span style=\"font-size: 23px;\">Skicka in dina uppgifter, s\u00e5 \u00e5terkommer vi till dig s\u00e5 snart som m\u00f6jligt.<\/span>[\/vc_column_text][vc_message message_box_color=&#8221;warning&#8221;]Om det \u00e4r fullbokat, s\u00f6ker vi b\u00e4sta lediga tid f\u00f6r dig.[\/vc_message]\n<div class=\"wpcf7 no-js\" id=\"wpcf7-f1662-o1\" lang=\"es-ES\" dir=\"ltr\" data-wpcf7-id=\"1662\">\n<div class=\"screen-reader-response\"><p role=\"status\" aria-live=\"polite\" aria-atomic=\"true\"><\/p> <ul><\/ul><\/div>\n<form action=\"\/sv\/wp-json\/wp\/v2\/pages\/1541#wpcf7-f1662-o1\" method=\"post\" class=\"wpcf7-form init\" aria-label=\"Formulario de contacto\" novalidate=\"novalidate\" data-status=\"init\">\n<div style=\"display: none;\">\n<input type=\"hidden\" name=\"_wpcf7\" value=\"1662\" \/>\n<input type=\"hidden\" name=\"_wpcf7_version\" value=\"6.0.5\" \/>\n<input type=\"hidden\" name=\"_wpcf7_locale\" value=\"es_ES\" \/>\n<input type=\"hidden\" name=\"_wpcf7_unit_tag\" value=\"wpcf7-f1662-o1\" \/>\n<input type=\"hidden\" name=\"_wpcf7_container_post\" value=\"0\" \/>\n<input type=\"hidden\" name=\"_wpcf7_posted_data_hash\" value=\"\" \/>\n<input type=\"hidden\" name=\"_wpcf7_recaptcha_response\" value=\"\" \/>\n<\/div>\n<table>\n\t<tr>\n\t\t<td>\n\t\t\t<p><label>V\u00c4LJA DAG:<br \/>\n<span class=\"wpcf7-form-control-wrap\" data-name=\"fecha\"><input class=\"wpcf7-form-control wpcf7-date wpcf7-validates-as-date\" aria-invalid=\"false\" value=\"\" type=\"date\" name=\"fecha\" \/><\/span><\/label>\n\t\t\t<\/p>\n\t\t<\/td>\n\t\t<td>\n\t\t\t<p><label>V\u00c4LJA TID:<br \/>\n<span class=\"wpcf7-form-control-wrap\" data-name=\"horarioDesplegable\"><select class=\"wpcf7-form-control wpcf7-select\" aria-invalid=\"false\" name=\"horarioDesplegable\"><option value=\"-\">-<\/option><option value=\"KL10\u00b400\">KL10\u00b400<\/option><option value=\"KL14\u00b400\">KL14\u00b400<\/option><\/select><\/span><\/label>\n\t\t\t<\/p>\n\t\t<\/td>\n\t<\/tr>\n<\/table>\n<p><label>NAMN*:<br \/>\n<span class=\"wpcf7-form-control-wrap\" data-name=\"nombre\"><input size=\"40\" maxlength=\"400\" class=\"wpcf7-form-control wpcf7-text wpcf7-validates-as-required\" aria-required=\"true\" aria-invalid=\"false\" value=\"\" type=\"text\" name=\"nombre\" \/><\/span> <\/label>\n<\/p>\n<p><label>FORET\u00c4G:<br \/>\n<span class=\"wpcf7-form-control-wrap\" data-name=\"empresa\"><input size=\"40\" maxlength=\"400\" class=\"wpcf7-form-control wpcf7-text\" aria-invalid=\"false\" value=\"\" type=\"text\" name=\"empresa\" \/><\/span> <\/label>\n<\/p>\n<p><label>E-POST*:<br \/>\n<span class=\"wpcf7-form-control-wrap\" data-name=\"correo\"><input size=\"40\" maxlength=\"400\" class=\"wpcf7-form-control wpcf7-email wpcf7-validates-as-required wpcf7-text wpcf7-validates-as-email\" aria-required=\"true\" aria-invalid=\"false\" value=\"\" type=\"email\" name=\"correo\" \/><\/span> <\/label>\n<\/p>\n<p><label>TELEFON*:<br \/>\n<span class=\"wpcf7-form-control-wrap\" data-name=\"telefonos\"><input size=\"40\" maxlength=\"400\" class=\"wpcf7-form-control wpcf7-text wpcf7-validates-as-required\" aria-required=\"true\" aria-invalid=\"false\" value=\"\" type=\"text\" name=\"telefonos\" \/><\/span><\/label>\n<\/p>\n<p><label> VAD \u00c4R DU INTERESSERAD AV?<br \/>\n<span class=\"wpcf7-form-control-wrap\" data-name=\"Mensaje\"><textarea cols=\"40\" rows=\"10\" maxlength=\"2000\" class=\"wpcf7-form-control wpcf7-textarea\" aria-invalid=\"false\" placeholder=\"Vi f\u00f6rbereder showroom speciellt f\u00f6r dig ...\" name=\"Mensaje\"><\/textarea><\/span><\/label><br \/>\n<label><span class=\"wpcf7-form-control-wrap\" data-name=\"acceptance-646\"><span class=\"wpcf7-form-control wpcf7-acceptance\"><span class=\"wpcf7-list-item\"><input type=\"checkbox\" name=\"acceptance-646\" value=\"1\" id=\"aceptaCondiciones\" aria-invalid=\"false\" \/><\/span><\/span><\/span> Accepterar <a href=\"\/lopd-y-politica-de-cookies\" >juridisk information<\/a> och sekretesspolicy.<\/label>\n<\/p>\n\n<p><input class=\"wpcf7-form-control wpcf7-submit has-spinner\" type=\"submit\" value=\"SKICKA\" \/>\n<\/p><p style=\"display: none !important;\" class=\"akismet-fields-container\" data-prefix=\"_wpcf7_ak_\"><label>&#916;<textarea name=\"_wpcf7_ak_hp_textarea\" cols=\"45\" rows=\"8\" maxlength=\"100\"><\/textarea><\/label><input type=\"hidden\" id=\"ak_js_1\" name=\"_wpcf7_ak_js\" value=\"247\"\/><script type=\"text\/javascript\">\n\/* <![CDATA[ *\/\ndocument.getElementById( \"ak_js_1\" ).setAttribute( \"value\", ( new Date() ).getTime() );\n\/* ]]> *\/\n<\/script>\n<\/p><div class=\"wpcf7-response-output\" aria-hidden=\"true\"><\/div>\n<\/form>\n<\/div>\n[\/vc_column][\/vc_row]\n<\/div>","protected":false},"excerpt":{"rendered":"<p>[vc_row fullwidth=&#8221;true&#8221; css=&#8221;.vc_custom_1518111801968{padding-bottom: 50px !important;background-image: url(https:\/\/trendspridaren.com\/wp-content\/uploads\/2018\/01\/curls.png?id=1381) !important;background-position: 0 0 !important;background-repeat: repeat !important;}&#8221;][vc_column width=&#8221;5\/6&#8243; offset=&#8221;vc_col-lg-offset-1 vc_col-lg-10 vc_col-md-offset-1 vc_col-md-10 vc_col-sm-offset-1 vc_col-xs-offset-1 vc_col-xs-10&#8243; css=&#8221;.vc_custom_1517867944617{padding-top: 50px !important;}&#8221;][vc_column_text css=&#8221;.vc_custom_1734043985294{margin-bottom: 0px !important;}&#8221;] TRENDSPRIDAREN SHOWROOM Hitta oss p\u00e5 Norrmalm i hj\u00e4rtat av Stockholm Efter flera marknadsunders\u00f6kningar har Trendspridarens R&amp;D-team kommit fram till flera slutsatser om hur man kan f\u00e5 b\u00e4ttre och st\u00f6rre [&hellip;]<\/p>\n","protected":false},"author":1,"featured_media":0,"parent":0,"menu_order":0,"comment_status":"closed","ping_status":"closed","template":"","meta":{"footnotes":""},"class_list":["post-1541","page","type-page","status-publish","hentry"],"_links":{"self":[{"href":"https:\/\/trendspridaren.com\/sv\/wp-json\/wp\/v2\/pages\/1541"}],"collection":[{"href":"https:\/\/trendspridaren.com\/sv\/wp-json\/wp\/v2\/pages"}],"about":[{"href":"https:\/\/trendspridaren.com\/sv\/wp-json\/wp\/v2\/types\/page"}],"author":[{"embeddable":true,"href":"https:\/\/trendspridaren.com\/sv\/wp-json\/wp\/v2\/users\/1"}],"replies":[{"embeddable":true,"href":"https:\/\/trendspridaren.com\/sv\/wp-json\/wp\/v2\/comments?post=1541"}],"version-history":[{"count":13,"href":"https:\/\/trendspridaren.com\/sv\/wp-json\/wp\/v2\/pages\/1541\/revisions"}],"predecessor-version":[{"id":4533,"href":"https:\/\/trendspridaren.com\/sv\/wp-json\/wp\/v2\/pages\/1541\/revisions\/4533"}],"wp:attachment":[{"href":"https:\/\/trendspridaren.com\/sv\/wp-json\/wp\/v2\/media?parent=1541"}],"curies":[{"name":"wp","href":"https:\/\/api.w.org\/{rel}","templated":true}]}}