{"id":1646,"date":"2018-06-13T20:38:29","date_gmt":"2018-06-13T20:38:29","guid":{"rendered":"https:\/\/trendspridaren.com\/trabajar-de-agente-de-moda\/"},"modified":"2024-12-12T22:37:19","modified_gmt":"2024-12-12T22:37:19","slug":"jobba-som-markes-ambassador","status":"publish","type":"page","link":"https:\/\/trendspridaren.com\/sv\/jobba-som-markes-ambassador\/","title":{"rendered":"Jobba som agent"},"content":{"rendered":"<div class=\"wpb-content-wrapper\">[vc_row fullwidth=&#8221;true&#8221; css=&#8221;.vc_custom_1528923616910{background: #ffffff url(https:\/\/trendspridaren.com\/wp-content\/uploads\/2018\/06\/slideagentes.jpg?id=1596) !important;background-position: center !important;background-repeat: no-repeat !important;background-size: cover !important;}&#8221;][vc_column width=&#8221;1\/2&#8243; offset=&#8221;vc_col-lg-offset-1 vc_col-lg-5 vc_col-sm-offset-1 vc_col-xs-11&#8243; css=&#8221;.vc_custom_1505733248076{padding-top: 40px !important;padding-right: 50px !important;padding-bottom: 200px !important;}&#8221;][vc_column_text animation=&#8221;left-to-right&#8221;]\n<h1 style=\"font-size: 34px; line-height: 38px; color: #341b0e; font-weight: 300;\">Arbetar du som fashion agent i Sverige?<\/h1>\n<h2 style=\"font-size: 22px;\"> P\u00e5 Trendspridaren v\u00e4lkomnar vi st\u00e4ndigt nya varum\u00e4rken och beh\u00f6ver din hj\u00e4lp f\u00f6r att ut\u00f6ka v\u00e5rt revolutionerande, h\u00e5llbara och vision\u00e4ra modeperspektiv. V\u00e4lkomna till den st\u00f6rsta kommersiella agenter n\u00e4tverk inom <strong> mode.<\/strong> \u00c4r du redo f\u00f6r de b\u00e4sta internationella varum\u00e4rkena?<\/h2>\n[\/vc_column_text][mk_button dimension=&#8221;flat&#8221; size=&#8221;large&#8221; icon=&#8221;mk-li-web&#8221; url=&#8221;#inscripcion&#8221; margin_top=&#8221;20&#8243; margin_right=&#8221;0&#8243; animation=&#8221;fade-in&#8221;]BLIR AGENT[\/mk_button][\/vc_column][vc_column width=&#8221;5\/12&#8243; css=&#8221;.vc_custom_1505210080445{background-position: center !important;background-repeat: no-repeat !important;background-size: cover !important;}&#8221; offset=&#8221;vc_col-lg-offset-1 vc_col-xs-3&#8243;][\/vc_column][\/vc_row][vc_row fullwidth=&#8221;true&#8221; fullwidth_content=&#8221;false&#8221; parallax=&#8221;content-moving&#8221; parallax_image=&#8221;1599&#8243;][vc_column width=&#8221;1\/4&#8243;][\/vc_column][vc_column width=&#8221;1\/2&#8243; css=&#8221;.vc_custom_1505249819160{margin-top: 100px !important;margin-bottom: 100px !important;padding-top: 50px !important;padding-right: 20px !important;padding-bottom: 30px !important;padding-left: 20px !important;background-color: #b17f4a !important;}&#8221;][vc_column_text align=&#8221;center&#8221; animation=&#8221;fade-in&#8221;]\n<h3><span style=\"font-size: 45px; color: #ffffff; font-weight: 200; line-height: 50px;\">M\u00c5L<\/span><\/h3>\n[\/vc_column_text][vc_column_text disable_pattern=&#8221;false&#8221; align=&#8221;center&#8221; animation=&#8221;fade-in&#8221;]<span style=\"font-size: 27px; color: #fff; line-height: 38px;\">Trendspridaren \u00e4r specialiserad p\u00e5 att ansluta mode varum\u00e4rken och agenter. Vi arbetar med qualitet h\u00e5llbara varum\u00e4rken och vi forts\u00e4ttar \u00f6ppna nya gr\u00e4nser. V\u00e5rt m\u00e5l \u00e4r att bygga upp ett n\u00e4tverk av konkurrenskraftiga grupp och dela framg\u00e5ngar i en v\u00e4nskaplig milj\u00f6 med en vision om en h\u00e5llbar framtid.<\/span>[\/vc_column_text][mk_button dimension=&#8221;savvy&#8221; size=&#8221;large&#8221; icon=&#8221;mk-li-paper-plane&#8221; url=&#8221;#inscripcion&#8221; align=&#8221;center&#8221; outline_skin=&#8221;light&#8221;]G\u00c5 MED[\/mk_button][\/vc_column][vc_column width=&#8221;1\/4&#8243;][\/vc_column][\/vc_row][vc_row fullwidth=&#8221;true&#8221; css=&#8221;.vc_custom_1505228102876{border-bottom-width: 3px !important;background-color: #212121 !important;border-bottom-color: #333333 !important;border-bottom-style: dotted !important;}&#8221;][vc_column offset=&#8221;vc_col-lg-offset-2 vc_col-lg-8 vc_col-md-offset-1 vc_col-md-10 vc_col-sm-offset-1 vc_col-xs-12&#8243; css=&#8221;.vc_custom_1528924160633{padding-top: 35px !important;padding-bottom: 25px !important;}&#8221;][vc_column_text align=&#8221;center&#8221; animation=&#8221;left-to-right&#8221;]\n<h3><span style=\"font-size: 40px; font-weight: 200; line-height: 50px; color: #fff;\">\u00c4r du fashion agent eller f\u00f6rdelare?<\/span><\/h3>\n[\/vc_column_text][\/vc_column][\/vc_row][vc_row fullwidth=&#8221;true&#8221; fullwidth_content=&#8221;false&#8221; css=&#8221;.vc_custom_1528924344161{padding-top: 50px !important;padding-bottom: 50px !important;background-image: url(https:\/\/trendspridaren.com\/wp-content\/uploads\/2017\/09\/fondoventajas4.jpg?id=850) !important;background-position: center !important;background-repeat: no-repeat !important;background-size: cover !important;}&#8221;][vc_column width=&#8221;5\/6&#8243; offset=&#8221;vc_col-lg-offset-0 vc_col-lg-4 vc_col-md-offset-0 vc_col-md-4 vc_col-sm-offset-1 vc_col-xs-offset-1&#8243; css=&#8221;.vc_custom_1528924338742{padding-right: 35px !important;padding-left: 35px !important;}&#8221;][mk_font_icons icon=&#8221;mk-li-help&#8221; color=&#8221;#b17f4a&#8221; size=&#8221;x-large&#8221; align=&#8221;center&#8221; animation=&#8221;bottom-to-top&#8221;][vc_column_text align=&#8221;center&#8221;]\n<h3><span style=\"color: #ffffff;\">Professionellt team<\/span><\/h3>\n<p><span style=\"color: #ffffff;\">Vi \u00e4r experter och ger dig verktygen f\u00f6r att uppn\u00e5 de b\u00e4sta resultaten.<\/span>[\/vc_column_text][\/vc_column][vc_column width=&#8221;5\/6&#8243; offset=&#8221;vc_col-lg-offset-0 vc_col-lg-4 vc_col-md-offset-0 vc_col-md-4 vc_col-sm-offset-1 vc_col-xs-offset-1 vc_col-xs-10&#8243; css=&#8221;.vc_custom_1528924373768{padding-right: 35px !important;padding-bottom: 40px !important;padding-left: 35px !important;}&#8221;][mk_font_icons icon=&#8221;mk-li-net&#8221; color=&#8221;#b17f4a&#8221; size=&#8221;x-large&#8221; align=&#8221;center&#8221; animation=&#8221;bottom-to-top&#8221;][vc_column_text align=&#8221;center&#8221;]\n<h3><span style=\"color: #ffffff;\">Enighet ger styrka<\/span><\/h3>\n<p><span style=\"color: #ffffff;\">Vi arbetar internationellt och v\u00e5r n\u00e4tverk v\u00e4xer varje \u00e5r med utm\u00e4rkt resultat.<\/span>[\/vc_column_text][\/vc_column][vc_column width=&#8221;5\/6&#8243; offset=&#8221;vc_col-lg-offset-0 vc_col-lg-4 vc_col-md-offset-0 vc_col-md-4 vc_col-sm-offset-1 vc_col-xs-offset-1 vc_col-xs-10&#8243;][mk_font_icons icon=&#8221;mk-li-rocket&#8221; color=&#8221;#b17f4a&#8221; size=&#8221;x-large&#8221; align=&#8221;center&#8221; animation=&#8221;bottom-to-top&#8221;][vc_column_text align=&#8221;center&#8221;]\n<h3><span style=\"color: #ffffff;\">G\u00e5 med<br \/>\n<\/span><\/h3>\n<p><span style=\"color: #ffffff;\">Vi s\u00f6ker de b\u00e4sta agenter som vill arbeta med qualitet internationella varum\u00e4rken.<\/span>[\/vc_column_text][\/vc_column][\/vc_row][vc_row fullwidth=&#8221;true&#8221; css=&#8221;.vc_custom_1505486638673{padding-top: 100px !important;padding-bottom: 50px !important;background-color: #ffffff !important;}&#8221; id=&#8221;inscripcion&#8221;][vc_column width=&#8221;5\/6&#8243; offset=&#8221;vc_col-lg-offset-1 vc_col-lg-10 vc_col-md-offset-1 vc_col-md-10 vc_col-sm-offset-1 vc_col-xs-offset-1 vc_col-xs-10&#8243; css=&#8221;.vc_custom_1528925054930{padding-right: 20px !important;padding-left: 30px !important;}&#8221;][vc_column_text]\n<p style=\"font-size: 48px; color: #b17f4a; font-weight: bold;\">G\u00e5 med<\/p>\n<p><span style=\"font-size: 25px;\">Skicka in dina uppgifter, s\u00e5 \u00e5terkommer vi till dig s\u00e5 snart som m\u00f6jligt.<\/span><br \/>\n[\/vc_column_text]\n<div class=\"wpcf7 no-js\" id=\"wpcf7-f1727-o1\" lang=\"es-ES\" dir=\"ltr\" data-wpcf7-id=\"1727\">\n<div class=\"screen-reader-response\"><p role=\"status\" aria-live=\"polite\" aria-atomic=\"true\"><\/p> <ul><\/ul><\/div>\n<form action=\"\/sv\/wp-json\/wp\/v2\/pages\/1646#wpcf7-f1727-o1\" method=\"post\" class=\"wpcf7-form init\" aria-label=\"Formulario de contacto\" novalidate=\"novalidate\" data-status=\"init\">\n<div style=\"display: none;\">\n<input type=\"hidden\" name=\"_wpcf7\" value=\"1727\" \/>\n<input type=\"hidden\" name=\"_wpcf7_version\" value=\"6.0.5\" \/>\n<input type=\"hidden\" name=\"_wpcf7_locale\" value=\"es_ES\" \/>\n<input type=\"hidden\" name=\"_wpcf7_unit_tag\" value=\"wpcf7-f1727-o1\" \/>\n<input type=\"hidden\" name=\"_wpcf7_container_post\" value=\"0\" \/>\n<input type=\"hidden\" name=\"_wpcf7_posted_data_hash\" value=\"\" \/>\n<input type=\"hidden\" name=\"_wpcf7_recaptcha_response\" value=\"\" \/>\n<\/div>\n<p><label> Namn*:<br \/>\n<span class=\"wpcf7-form-control-wrap\" data-name=\"nombre\"><input size=\"40\" maxlength=\"400\" class=\"wpcf7-form-control wpcf7-text wpcf7-validates-as-required\" aria-required=\"true\" aria-invalid=\"false\" value=\"\" type=\"text\" name=\"nombre\" \/><\/span> <\/label>\n<\/p>\n<p><label> E-post*:<br \/>\n<span class=\"wpcf7-form-control-wrap\" data-name=\"correo\"><input size=\"40\" maxlength=\"400\" class=\"wpcf7-form-control wpcf7-email wpcf7-validates-as-required wpcf7-text wpcf7-validates-as-email\" aria-required=\"true\" aria-invalid=\"false\" value=\"\" type=\"email\" name=\"correo\" \/><\/span> <\/label>\n<\/p>\n<p><label> Telefonnummer*:<br \/>\n<span class=\"wpcf7-form-control-wrap\" data-name=\"telefonos\"><input size=\"40\" maxlength=\"400\" class=\"wpcf7-form-control wpcf7-text wpcf7-validates-as-required\" aria-required=\"true\" aria-invalid=\"false\" value=\"\" type=\"text\" name=\"telefonos\" \/><\/span><\/label>\n<\/p>\n<p><label> Stad*:<br \/>\n<span class=\"wpcf7-form-control-wrap\" data-name=\"zona\"><input size=\"40\" maxlength=\"400\" class=\"wpcf7-form-control wpcf7-text wpcf7-validates-as-required\" aria-required=\"true\" aria-invalid=\"false\" value=\"\" type=\"text\" name=\"zona\" \/><\/span> <\/label>\n<\/p>\n<p><label> Erfarenhet*:<br \/>\n<span class=\"wpcf7-form-control-wrap\" data-name=\"experiencia\"><input size=\"40\" maxlength=\"400\" class=\"wpcf7-form-control wpcf7-text wpcf7-validates-as-required\" aria-required=\"true\" aria-invalid=\"false\" value=\"\" type=\"text\" name=\"experiencia\" \/><\/span> <\/label>\n<\/p>\n<p><label> Fr\u00e5ga oss:<br \/>\n<span class=\"wpcf7-form-control-wrap\" data-name=\"Mensaje\"><textarea cols=\"40\" rows=\"10\" maxlength=\"2000\" class=\"wpcf7-form-control wpcf7-textarea\" aria-invalid=\"false\" placeholder=\"Skriv g\u00e4rna h\u00e4r din fr\u00e5ga ...\" name=\"Mensaje\"><\/textarea><\/span><\/label><br \/>\n<label><span class=\"wpcf7-form-control-wrap\" data-name=\"acceptance-646\"><span class=\"wpcf7-form-control wpcf7-acceptance\"><span class=\"wpcf7-list-item\"><input type=\"checkbox\" name=\"acceptance-646\" value=\"1\" id=\"aceptaCondiciones\" aria-invalid=\"false\" \/><\/span><\/span><\/span>Accepterar <a href=\"\/lopd-y-politica-de-cookies\" >juridisk information<\/a> och sekretesspolicy.<\/label>\n<\/p>\n\n<p><input class=\"wpcf7-form-control wpcf7-submit has-spinner\" type=\"submit\" value=\"Skicka\" \/>\n<\/p><p style=\"display: none !important;\" class=\"akismet-fields-container\" data-prefix=\"_wpcf7_ak_\"><label>&#916;<textarea name=\"_wpcf7_ak_hp_textarea\" cols=\"45\" rows=\"8\" maxlength=\"100\"><\/textarea><\/label><input type=\"hidden\" id=\"ak_js_1\" name=\"_wpcf7_ak_js\" value=\"106\"\/><script>document.getElementById( \"ak_js_1\" ).setAttribute( \"value\", ( new Date() ).getTime() );<\/script><\/p><div class=\"wpcf7-response-output\" aria-hidden=\"true\"><\/div>\n<\/form>\n<\/div>\n[\/vc_column][\/vc_row]\n<\/div>","protected":false},"excerpt":{"rendered":"<p>[vc_row fullwidth=&#8221;true&#8221; css=&#8221;.vc_custom_1528923616910{background: #ffffff url(https:\/\/trendspridaren.com\/wp-content\/uploads\/2018\/06\/slideagentes.jpg?id=1596) !important;background-position: center !important;background-repeat: no-repeat !important;background-size: cover !important;}&#8221;][vc_column width=&#8221;1\/2&#8243; offset=&#8221;vc_col-lg-offset-1 vc_col-lg-5 vc_col-sm-offset-1 vc_col-xs-11&#8243; css=&#8221;.vc_custom_1505733248076{padding-top: 40px !important;padding-right: 50px !important;padding-bottom: 200px !important;}&#8221;][vc_column_text animation=&#8221;left-to-right&#8221;] Arbetar du som fashion agent i Sverige? P\u00e5 Trendspridaren v\u00e4lkomnar vi st\u00e4ndigt nya varum\u00e4rken och beh\u00f6ver din hj\u00e4lp f\u00f6r att ut\u00f6ka v\u00e5rt revolutionerande, h\u00e5llbara och vision\u00e4ra modeperspektiv. V\u00e4lkomna till den [&hellip;]<\/p>\n","protected":false},"author":1,"featured_media":0,"parent":0,"menu_order":0,"comment_status":"closed","ping_status":"closed","template":"","meta":{"footnotes":""},"class_list":["post-1646","page","type-page","status-publish","hentry"],"_links":{"self":[{"href":"https:\/\/trendspridaren.com\/sv\/wp-json\/wp\/v2\/pages\/1646"}],"collection":[{"href":"https:\/\/trendspridaren.com\/sv\/wp-json\/wp\/v2\/pages"}],"about":[{"href":"https:\/\/trendspridaren.com\/sv\/wp-json\/wp\/v2\/types\/page"}],"author":[{"embeddable":true,"href":"https:\/\/trendspridaren.com\/sv\/wp-json\/wp\/v2\/users\/1"}],"replies":[{"embeddable":true,"href":"https:\/\/trendspridaren.com\/sv\/wp-json\/wp\/v2\/comments?post=1646"}],"version-history":[{"count":21,"href":"https:\/\/trendspridaren.com\/sv\/wp-json\/wp\/v2\/pages\/1646\/revisions"}],"predecessor-version":[{"id":4374,"href":"https:\/\/trendspridaren.com\/sv\/wp-json\/wp\/v2\/pages\/1646\/revisions\/4374"}],"wp:attachment":[{"href":"https:\/\/trendspridaren.com\/sv\/wp-json\/wp\/v2\/media?parent=1646"}],"curies":[{"name":"wp","href":"https:\/\/api.w.org\/{rel}","templated":true}]}}