{"id":1793,"date":"2017-09-14T11:20:59","date_gmt":"2017-09-14T11:20:59","guid":{"rendered":"https:\/\/trendspridaren.com\/mandanos-catalogo-productos\/"},"modified":"2018-08-08T18:07:10","modified_gmt":"2018-08-08T18:07:10","slug":"skicka-in-sasongens-katalog","status":"publish","type":"page","link":"https:\/\/trendspridaren.com\/sv\/skicka-in-sasongens-katalog\/","title":{"rendered":"Skicka in s\u00e4songens katalog"},"content":{"rendered":"<div class=\"wpb-content-wrapper\">[vc_row][vc_column][vc_column_text]\n<h1>Skicka in s\u00e4songens katalog<\/h1>\n<h2>Vi m\u00e5ste visa bra bilder till v\u00e5ra<strong> internationella kunder,<\/strong> bilden \u00e4r allting.<\/h2>\n<p>Ett bra bild s\u00e4ger mer \u00e4n tusen ord, ett bra fokus och bra belysning \u00e4r de b\u00e4sta reses\u00e4llskapen f\u00f6r ett optimal jobb. S\u00e5 h\u00e4r skickar du dina produkter bilder enkelt, s\u00e5 enkelt som att skicka ett mail.[\/vc_column_text][\/vc_column][\/vc_row][vc_row][vc_column width=&#8221;1\/3&#8243; css=&#8221;.vc_custom_1505405146642{padding-top: 30px !important;}&#8221;][mk_font_icons icon=&#8221;mk-li-camera&#8221; color=&#8221;#dddddd&#8221; size=&#8221;xx-large&#8221; align=&#8221;center&#8221; animation=&#8221;flip-x&#8221;][\/vc_column][vc_column width=&#8221;2\/3&#8243;][vc_column_text]<strong>F\u00d6RSTA STEG<\/strong><\/p>\n<h3><span style=\"color: #b17f4a;\">Samla in bilder, katalog och din logo p\u00e5 din dator<\/span><\/h3>\n[\/vc_column_text][vc_column_text]Vi beh\u00f6ver den <strong>senaste collection eller de b\u00e4sta bilderna <\/strong>p\u00e5 dina produkter. Ocks\u00e5 m\u00e4rken logo sedan vi kommer att skapa en profil f\u00f6r att visa din virtuella katalog p\u00e5 <strong>internationella marknader.<\/strong><\/p>\n<p><em><strong>Obs! Till\u00e5ten format .jpg, .png, .pdf<\/strong><\/em>[\/vc_column_text][mk_button dimension=&#8221;flat&#8221; size=&#8221;medium&#8221; icon=&#8221;mk-moon-search-5&#8243; url=&#8221;\/sv\/varumarken-klader-mode\/fyord-nautical\/&#8221; target=&#8221;_blank&#8221; animation=&#8221;fade-in&#8221;]EXEMPEL[\/mk_button][\/vc_column][\/vc_row][vc_row css=&#8221;.vc_custom_1505401703078{margin-top: 20px !important;border-top-width: 2px !important;padding-top: 20px !important;border-top-color: #e0e0e0 !important;border-top-style: dotted !important;}&#8221;][vc_column width=&#8221;1\/3&#8243; css=&#8221;.vc_custom_1505405234107{padding-top: 30px !important;}&#8221;][mk_font_icons icon=&#8221;mk-li-file&#8221; color=&#8221;#dddddd&#8221; size=&#8221;xx-large&#8221; align=&#8221;center&#8221; animation=&#8221;flip-x&#8221;][\/vc_column][vc_column width=&#8221;2\/3&#8243;][vc_column_text]<strong>ANDRA STEG<\/strong><\/p>\n<h3><span style=\"color: #b17f4a;\">Beskrivande text av ditt f\u00f6retag<\/span><\/h3>\n[\/vc_column_text][vc_column_text]Vi vill skapa f\u00f6rtroende, vad b\u00e4ttre \u00e4n en liten beskrivning av ditt f\u00f6retag. <strong> Historia, erfarenhet inom branschen&#8230; <\/strong>vad b\u00e4st definierar dig. Vi vill h\u00f6ra fr\u00e5n dig.<\/p>\n<p><em><strong>Obs! Till\u00e5tna format .doc, .txt, .pdf, .odf, pts<\/strong><\/em>[\/vc_column_text][mk_button dimension=&#8221;flat&#8221; size=&#8221;medium&#8221; icon=&#8221;mk-moon-search-5&#8243; url=&#8221;\/sv\/varumarken-klader-mode\/fyord-nautical\/&#8221; target=&#8221;_blank&#8221; animation=&#8221;fade-in&#8221;]EXEMPEL[\/mk_button][\/vc_column][\/vc_row][vc_row css=&#8221;.vc_custom_1505401703078{margin-top: 20px !important;border-top-width: 2px !important;padding-top: 20px !important;border-top-color: #e0e0e0 !important;border-top-style: dotted !important;}&#8221;][vc_column width=&#8221;1\/3&#8243; css=&#8221;.vc_custom_1505405240315{padding-top: 30px !important;}&#8221;][mk_font_icons icon=&#8221;mk-li-paper-plane&#8221; color=&#8221;#dddddd&#8221; size=&#8221;xx-large&#8221; align=&#8221;center&#8221; animation=&#8221;flip-x&#8221;][\/vc_column][vc_column width=&#8221;2\/3&#8243;][vc_column_text]<strong>TREDJE STEG<\/strong><\/p>\n<h3><span style=\"color: #b17f4a;\">Skicka oss dina f\u00f6retags filer.<\/span><\/h3>\n[\/vc_column_text][vc_column_text]K\u00e4nner du <a href=\"https:\/\/wetransfer.com\/about\">WeTransfer<\/a>? Det \u00e4r en webbplats som l\u00e5ter dig <strong>skicka filer p\u00e5 ett enkelt s\u00e4tt, <\/strong>du beh\u00f6ver bara ange ditt mail, v\u00e5rt mail och bifoga de filer:<br \/>\n<b>1 &#8211; V\u00e4lj filerna:<\/b><\/p>\n<p><img loading=\"lazy\" decoding=\"async\" class=\"alignnone size-full wp-image-926\" src=\"https:\/\/trendspridaren.com\/wp-content\/uploads\/2017\/09\/archivos.jpg\" alt=\"\" width=\"791\" height=\"472\" srcset=\"https:\/\/trendspridaren.com\/wp-content\/uploads\/2017\/09\/archivos.jpg 791w, https:\/\/trendspridaren.com\/wp-content\/uploads\/2017\/09\/archivos-300x179.jpg 300w, https:\/\/trendspridaren.com\/wp-content\/uploads\/2017\/09\/archivos-768x458.jpg 768w\" sizes=\"(max-width: 791px) 100vw, 791px\" \/><\/p>\n<p><strong>2- Fyll i de angivna info<\/strong><\/p>\n<p><strong>OBS:<\/strong>VIKTIGT: V\u00e5r dokumentationsadress \u00e4r: <strong>kund@trendspridaren.com<\/strong><\/p>\n<p><img loading=\"lazy\" decoding=\"async\" class=\"alignnone size-full wp-image-927\" src=\"https:\/\/trendspridaren.com\/wp-content\/uploads\/2017\/09\/wetransfer.jpg\" alt=\"\" width=\"791\" height=\"472\" srcset=\"https:\/\/trendspridaren.com\/wp-content\/uploads\/2017\/09\/wetransfer.jpg 791w, https:\/\/trendspridaren.com\/wp-content\/uploads\/2017\/09\/wetransfer-300x179.jpg 300w, https:\/\/trendspridaren.com\/wp-content\/uploads\/2017\/09\/wetransfer-768x458.jpg 768w\" sizes=\"(max-width: 791px) 100vw, 791px\" \/>[\/vc_column_text][\/vc_column][\/vc_row]\n<\/div>","protected":false},"excerpt":{"rendered":"<p>[vc_row][vc_column][vc_column_text] Skicka in s\u00e4songens katalog Vi m\u00e5ste visa bra bilder till v\u00e5ra internationella kunder, bilden \u00e4r allting. Ett bra bild s\u00e4ger mer \u00e4n tusen ord, ett bra fokus och bra belysning \u00e4r de b\u00e4sta reses\u00e4llskapen f\u00f6r ett optimal jobb. S\u00e5 h\u00e4r skickar du dina produkter bilder enkelt, s\u00e5 enkelt som att skicka ett mail.[\/vc_column_text][\/vc_column][\/vc_row][vc_row][vc_column width=&#8221;1\/3&#8243; [&hellip;]<\/p>\n","protected":false},"author":1,"featured_media":0,"parent":0,"menu_order":0,"comment_status":"closed","ping_status":"closed","template":"","meta":{"footnotes":""},"class_list":["post-1793","page","type-page","status-publish","hentry"],"_links":{"self":[{"href":"https:\/\/trendspridaren.com\/sv\/wp-json\/wp\/v2\/pages\/1793"}],"collection":[{"href":"https:\/\/trendspridaren.com\/sv\/wp-json\/wp\/v2\/pages"}],"about":[{"href":"https:\/\/trendspridaren.com\/sv\/wp-json\/wp\/v2\/types\/page"}],"author":[{"embeddable":true,"href":"https:\/\/trendspridaren.com\/sv\/wp-json\/wp\/v2\/users\/1"}],"replies":[{"embeddable":true,"href":"https:\/\/trendspridaren.com\/sv\/wp-json\/wp\/v2\/comments?post=1793"}],"version-history":[{"count":7,"href":"https:\/\/trendspridaren.com\/sv\/wp-json\/wp\/v2\/pages\/1793\/revisions"}],"predecessor-version":[{"id":2195,"href":"https:\/\/trendspridaren.com\/sv\/wp-json\/wp\/v2\/pages\/1793\/revisions\/2195"}],"wp:attachment":[{"href":"https:\/\/trendspridaren.com\/sv\/wp-json\/wp\/v2\/media?parent=1793"}],"curies":[{"name":"wp","href":"https:\/\/api.w.org\/{rel}","templated":true}]}}